{"id":1740,"date":"2018-08-16T04:07:37","date_gmt":"2018-08-16T04:07:37","guid":{"rendered":"http:\/\/demo2.steelthemes.com\/delaware\/?page_id=1740"},"modified":"2025-07-22T06:40:29","modified_gmt":"2025-07-22T06:40:29","slug":"taxe-de-participare","status":"publish","type":"page","link":"https:\/\/www.webmedical.ro\/pneumoiasi\/taxe-de-participare\/","title":{"rendered":"TAXE DE PARTICIPARE"},"content":{"rendered":"<p>[vc_row full_width=&#8221;stretch_row&#8221; css=&#8221;.vc_custom_1674104114113{background-image: url(https:\/\/www.inspiriasi.ro\/wp-content\/uploads\/2023\/01\/inspir.jpg?id=3578) !important;}&#8221;][vc_column offset=&#8221;vc_hidden-sm vc_hidden-xs&#8221;][vc_column_text css=&#8221;.vc_custom_1688467677395{margin-bottom: 33px !important;}&#8221;]<\/p>\n<p style=\"text-align: center;\"><span style=\"color: #333333;\"><strong>V\u0102 INVIT\u0102M S\u0102 V\u0102 \u00ceNREGISTRA\u0162I ONLINE, COMPLET\u00c2ND FORMULARUL DE \u00ceNREGISTRARE ACCESAND BUTONUL: \u201c<span style=\"color: #339966;\"><a style=\"color: #339966;\" href=\"https:\/\/www.webmedical.ro\/pneumoiasi\/inregistrare\/\">\u00ceNREGISTRARE ONLINE<\/a><\/span>\u201c.<\/strong><\/span><\/p>\n<p>[\/vc_column_text]\n\t\t\t<div class='col-xs-12 delaware-icon-box delaware-icon-box-2    ' >\n\t\t\t\t<a href='#' class='emtry-header'><span class='icon-content'><span class='fas fa-users-cog svg-icon' style='color:#c6deef; font-size:65px;'><\/span><\/span><\/a>\n\t\t\t\t<div class='emtry-content'>\n\t\t\t\t\t<h4 class='emtry-title'><a class='title' href='#' >TAXE DE PARTICIPARE LA EVENIMENT<\/a><\/h4>\n\t\t\t\t\t<div class='descreption'><table width=\"100%\" align=\"center\">\n<tbody>\n<tr>\n<td style=\"background: #216fb9; color: #ffffff; font-weight: bold; text-align: center;\" width=\"18%\">Categorie de participant<\/td>\n<td style=\"background: #216fb9; color: #ffffff; font-weight: bold; text-align: center;\" width=\"27%\">P\u00e2n\u0103 la data de <strong>15 Septembrie 2025<\/strong><\/td>\n<td style=\"background: #216fb9; color: #ffffff; font-weight: bold; text-align: center;\" width=\"27%\">P\u00e2n\u0103 la data de<strong> 1 Octombrie \u0219i pe loc<\/strong><\/td>\n<\/tr>\n<tr>\n<td><strong>medici primari<\/strong><\/td>\n<td style=\"text-align: center;\">150 ron<\/td>\n<td style=\"text-align: center;\">200 ron<\/td>\n<\/tr>\n<tr>\n<td><strong>medici speciali\u0219ti<\/strong><\/td>\n<td style=\"text-align: center;\">150 ron<\/td>\n<td style=\"text-align: center;\">200 ron<\/td>\n<\/tr>\n<tr>\n<td><strong>medici reziden\u021bi<\/strong><\/td>\n<td style=\"text-align: center;\">gratuit<\/td>\n<td style=\"text-align: center;\">gratuit<\/td>\n<\/tr>\n<tr>\n<td><strong>pensionari<\/strong><\/td>\n<td style=\"text-align: center;\">gratuit<\/td>\n<td style=\"text-align: center;\">gratuit<\/td>\n<\/tr>\n<\/tbody>\n<\/table>\n<\/div>\n\t\t\t\t\t\n\t\t\t\t<\/div>\n\t\t\t<\/div>\n\t\t\t\n\t\t[\/vc_column][\/vc_row][vc_row full_width=&#8221;stretch_row&#8221; css=&#8221;.vc_custom_1674104634547{margin-top: 44px !important;background-image: url(https:\/\/www.inspiriasi.ro\/wp-content\/uploads\/2023\/01\/inspir.jpg?id=3578) !important;}&#8221;][vc_column offset=&#8221;vc_hidden-sm vc_hidden-xs&#8221;][vc_row_inner][vc_column_inner width=&#8221;1\/2&#8243;]\n\t\t\t<div class='col-xs-12 delaware-icon-box delaware-icon-box-3    ' >\n\t\t\t\t<a href='#' class='emtry-header'><span class='icon-content'><span class='fas fa-calendar-check svg-icon' style='color:#f40757; font-size:65px;'><\/span><\/span><\/a>\n\t\t\t\t<div class='emtry-content'>\n\t\t\t\t\t<h4 class='emtry-title'><a class='title' href='#' >\u00ceNREGISTRAREA ON-LINE \u0218I PLATA TAXEI DE PARTICIPARE<\/a><\/h4>\n\t\t\t\t\t<div class='descreption'><ul>\n<li>Edi\u021bia 2025 a <span style=\"color: #f40757;\"><strong>Conferin\u021bei \u201dZilele Pneumologiei Ie\u0219ene\u201d<\/strong><\/span> se va derula in format fizic, la <span style=\"color: #f40757;\"><strong>Hotel Unirea<\/strong><\/span>.<\/li>\n<li>\u00censcrierea p\u00e2n\u0103 la data de <strong><span style=\"color: #f40757;\">15 SEPTEMBRIE 2025<\/span> <\/strong>asigura mapa si materialele conferin\u021bei<\/li>\n<li>\u00censcrierea dup\u0103 data de <span style=\"color: #f40757;\"><strong>15 SEPTEMBRIE 2025<\/strong><\/span> \u00a0nu asigur\u0103 mapa conferin\u021bei.<\/li>\n<li>\u00censcrierea pe loc nu asigur\u0103 mapa conferin\u021bei.<\/li>\n<li>Plata taxei f\u0103r\u0103 \u00eenscrierea on-line nu este valid\u0103.<\/li>\n<\/ul>\n<\/div>\n\t\t\t\t\t\n\t\t\t\t<\/div>\n\t\t\t<\/div>\n\t\t\t\n\t\t[\/vc_column_inner][vc_column_inner width=&#8221;1\/2&#8243;]\n\t\t\t<div class='col-xs-12 delaware-icon-box delaware-icon-box-3    ' >\n\t\t\t\t<a href='#' class='emtry-header'><span class='icon-content'><span class='fas fa-money-check-alt svg-icon' style='color:#ffd95e; font-size:65px;'><\/span><\/span><\/a>\n\t\t\t\t<div class='emtry-content'>\n\t\t\t\t\t<h4 class='emtry-title'><a class='title' href='#' >MODALITATE DE PLAT\u0102<\/a><\/h4>\n\t\t\t\t\t<div class='descreption'><p>Plata se efectueaz\u0103 in contul societ\u0103\u021bii :<\/p>\n<ul>\n<li>Organizator: <span style=\"color: #f40757;\"><strong>HIGH LIFE MED<\/strong><\/span><\/li>\n<li>CUI: <span style=\"color: #f40757;\"><strong>RO 35102798<\/strong><\/span><\/li>\n<li>Cont bancar: <strong style=\"color: #f40757;\">RO79RZBR0000060018117698<\/strong><\/li>\n<li>Banca : <span style=\"color: #f40757;\"><strong>RAIFFEISEN<\/strong><\/span><\/li>\n<\/ul>\n<p><span style=\"color: #f40757;\"><strong>MEN\u021aINIUE: V\u0103 rug\u0103m s\u0103 men\u021biona\u021bi denumirea evenimentului.<\/strong><\/span><\/p>\n<p><strong>Plata taxei f\u0103r\u0103 \u00eenscrierea on-line nu este valid\u0103.<\/strong><\/p>\n<\/div>\n\t\t\t\t\t\n\t\t\t\t<\/div>\n\t\t\t<\/div>\n\t\t\t\n\t\t[\/vc_column_inner][\/vc_row_inner][vc_row_inner css=&#8221;.vc_custom_1674104617849{margin-top: 44px !important;}&#8221;][vc_column_inner width=&#8221;1\/4&#8243;][\/vc_column_inner][vc_column_inner width=&#8221;1\/2&#8243;]\n\t\t\t<div class='col-xs-12 delaware-icon-box delaware-icon-box-3    ' >\n\t\t\t\t<a href='#' class='emtry-header'><span class='icon-content'><span class='fas fa-tasks svg-icon' style='color:#e4af7b; font-size:65px;'><\/span><\/span><\/a>\n\t\t\t\t<div class='emtry-content'>\n\t\t\t\t\t<h4 class='emtry-title'><a class='title' href='#' >SERVICII OFERITE<\/a><\/h4>\n\t\t\t\t\t<div class='descreption'><p><strong>Serviciile pe care le oferim \u00een cuantumul taxei de participare:<\/strong><\/p>\n<ul>\n<li>accesul in format fizic la lucr\u0103rile \u0219tiin\u021bifice;<\/li>\n<li>accesul in formatfizic la expozi\u021bia medical\u0103;<\/li>\n<li>certificatul de participare cu credite EMC.<\/li>\n<\/ul>\n<\/div>\n\t\t\t\t\t\n\t\t\t\t<\/div>\n\t\t\t<\/div>\n\t\t\t\n\t\t[\/vc_column_inner][vc_column_inner width=&#8221;1\/4&#8243;][\/vc_column_inner][\/vc_row_inner][\/vc_column][\/vc_row][vc_row css=&#8221;.vc_custom_1720669898017{margin-top: -90px !important;}&#8221;][vc_column offset=&#8221;vc_hidden-lg vc_hidden-md&#8221;][vc_column_text]<\/p>\n<h3 style=\"text-align: center;\"><span style=\"color: #000000;\">TAXE DE PARTICIPARE<\/span><\/h3>\n<table width=\"100%\" align=\"center\">\n<tbody>\n<tr>\n<td style=\"background: #216fb9; color: #ffffff; font-weight: bold; text-align: center;\" width=\"18%\">Categorie de participant<\/td>\n<td style=\"background: #216fb9; color: #ffffff; font-weight: bold; text-align: center;\" width=\"27%\">P\u00e2n\u0103 la data de <strong>15 Septembrie 2025<\/strong><\/td>\n<td style=\"background: #216fb9; color: #ffffff; font-weight: bold; text-align: center;\" width=\"27%\">P\u00e2n\u0103 la data de <strong>1 Octombrie \u0219i pe loc<\/strong><\/td>\n<\/tr>\n<tr>\n<td><strong>medici primari<\/strong><\/td>\n<td style=\"text-align: center;\">150 ron<\/td>\n<td style=\"text-align: center;\">200 ron<\/td>\n<\/tr>\n<tr>\n<td><strong>medici speciali\u0219ti<\/strong><\/td>\n<td style=\"text-align: center;\">150 ron<\/td>\n<td style=\"text-align: center;\">200 ron<\/td>\n<\/tr>\n<tr>\n<td><strong>medici reziden\u021bi<\/strong><\/td>\n<td style=\"text-align: center;\">gratuit<\/td>\n<td style=\"text-align: center;\">gratuit<\/td>\n<\/tr>\n<tr>\n<td><strong>pensionari<\/strong><\/td>\n<td style=\"text-align: center;\">gratuit<\/td>\n<td style=\"text-align: center;\">gratuit<\/td>\n<\/tr>\n<\/tbody>\n<\/table>\n<p>&nbsp;<\/p>\n<h4 class=\"emtry-title\"><span style=\"color: #000000;\"><a class=\"title\" style=\"color: #000000;\" href=\"https:\/\/www.webmedical.ro\/pneumoiasi\/taxe-de-participare\/#\">\u00ceNREGISTRAREA ON-LINE \u0218I PLATA TAXEI DE PARTICIPARE<\/a><\/span><\/h4>\n<div class=\"descreption\">\n<ul>\n<li><span style=\"color: #000000;\">Edi\u021bia 2025 a\u00a0<strong>Conferin\u021bei \u201dZilele Pneumologiei Ie\u0219ene\u201d <\/strong>\u00a0se va desf\u0103\u0219ura \u00een format exclusiv fizic, la\u00a0<strong> HOTEL UNIREA, IASI.<\/strong><\/span><\/li>\n<li><span style=\"color: #000000;\">\u00censcrierea p\u00e2n\u0103 la data de\u00a0<strong>15 SEPTEMBRIE 2025<\/strong>\u00a0asigur\u0103 mapa \u0219i materialele conferin\u021bei.<\/span><\/li>\n<li><span style=\"color: #000000;\">\u00censcrierea dup\u0103 data de\u00a0<strong>15 SEPTEMBRIE 2025<\/strong>\u00a0\u00a0nu asigur\u0103 mapa conferin\u021bei.<\/span><\/li>\n<li><span style=\"color: #000000;\">\u00censcrierea pe loc nu asigur\u0103 mapa conferin\u021bei.<\/span><\/li>\n<li><span style=\"color: #000000;\">Plata taxei f\u0103r\u0103 \u00eenscrierea on-line nu este valid\u0103.<\/span><br \/>\n<hr \/>\n<\/li>\n<\/ul>\n<\/div>\n<h4 class=\"emtry-title\"><span style=\"color: #000000;\"><a class=\"title\" style=\"color: #000000;\" href=\"https:\/\/www.webmedical.ro\/pneumoiasi\/taxe-de-participare\/#\">MODALITATE DE PLAT\u0102<\/a><\/span><\/h4>\n<div class=\"descreption\">\n<p><span style=\"color: #000000;\">Plata se efectueaz\u0103 in contul societ\u0103\u021bii :<\/span><\/p>\n<ul>\n<li><span style=\"color: #000000;\">Organizator:\u00a0<strong>SC HIGH LIFE MED SRL<\/strong><\/span><\/li>\n<li><span style=\"color: #000000;\">CUI:\u00a0<strong>RO 35102798<\/strong><\/span><\/li>\n<li><span style=\"color: #000000;\">Cont bancar: <strong>RO79RZBR0000060018117698<\/strong><\/span><\/li>\n<li><span style=\"color: #000000;\">Banca :\u00a0<strong>RAIFFEISEN<\/strong><\/span><\/li>\n<\/ul>\n<p><span style=\"color: #000000;\"><strong>MEN\u021aINIUE: V\u0103 rug\u0103m s\u0103 men\u021biona\u021bi denumirea evenimentului.<\/strong><\/span><\/p>\n<p><span style=\"color: #000000;\"><strong>Plata taxei f\u0103r\u0103 \u00eenscrierea on-line nu este valid\u0103.<\/strong><\/span><\/p>\n<\/div>\n<p>[\/vc_column_text][vc_column_text css=&#8221;.vc_custom_1720669800952{margin-top: 33px !important;}&#8221;]<\/p>\n<h3><span style=\"color: #000000;\">MODALITATEA DE PLAT\u0102<\/span><\/h3>\n<p><span style=\"color: #000000;\">Plata se efectueaz\u0103 in contul societ\u0103\u021bii :<\/span><\/p>\n<ul>\n<li><span style=\"color: #000000;\">HIGH LIFE MED<\/span><\/li>\n<li><span style=\"color: #000000;\">RO 35102798<\/span><\/li>\n<li><span style=\"color: #000000;\">Cont bancar : IBAN <strong>RO79RZBR0000060018117698<\/strong><\/span><\/li>\n<li><span style=\"color: #000000;\">Banca : RAIFFEISEN<\/span><\/li>\n<li><span style=\"color: #000000;\"><strong>MEN\u021aINIUE: Rug\u0103m s\u0103 men\u021biona\u021bi denumirea evenimentului.<\/strong><\/span><\/li>\n<\/ul>\n<p>[\/vc_column_text][\/vc_column][\/vc_row]<\/p>\n","protected":false},"excerpt":{"rendered":"<p>[vc_row full_width=&#8221;stretch_row&#8221; css=&#8221;.vc_custom_1674104114113{background-image: url(https:\/\/www.inspiriasi.ro\/wp-content\/uploads\/2023\/01\/inspir.jpg?id=3578) !important;}&#8221;][vc_column offset=&#8221;vc_hidden-sm vc_hidden-xs&#8221;][vc_column_text css=&#8221;.vc_custom_1688467677395{margin-bottom: 33px !important;}&#8221;] V\u0102 INVIT\u0102M S\u0102 V\u0102 \u00ceNREGISTRA\u0162I ONLINE, COMPLET\u00c2ND FORMULARUL DE \u00ceNREGISTRARE ACCESAND BUTONUL: \u201c\u00ceNREGISTRARE ONLINE\u201c. [\/vc_column_text][\/vc_column][\/vc_row][vc_row full_width=&#8221;stretch_row&#8221; css=&#8221;.vc_custom_1674104634547{margin-top: 44px !important;background-image: url(https:\/\/www.inspiriasi.ro\/wp-content\/uploads\/2023\/01\/inspir.jpg?id=3578) !important;}&#8221;][vc_column offset=&#8221;vc_hidden-sm vc_hidden-xs&#8221;][vc_row_inner][vc_column_inner width=&#8221;1\/2&#8243;][\/vc_column_inner][vc_column_inner width=&#8221;1\/2&#8243;][\/vc_column_inner][\/vc_row_inner][vc_row_inner css=&#8221;.vc_custom_1674104617849{margin-top: 44px !important;}&#8221;][vc_column_inner width=&#8221;1\/4&#8243;][\/vc_column_inner][vc_column_inner width=&#8221;1\/2&#8243;][\/vc_column_inner][vc_column_inner width=&#8221;1\/4&#8243;][\/vc_column_inner][\/vc_row_inner][\/vc_column][\/vc_row][vc_row css=&#8221;.vc_custom_1720669898017{margin-top: -90px !important;}&#8221;][vc_column offset=&#8221;vc_hidden-lg vc_hidden-md&#8221;][vc_column_text] TAXE DE PARTICIPARE Categorie de participant P\u00e2n\u0103 la data [&hellip;]<\/p>\n","protected":false},"author":1,"featured_media":0,"parent":0,"menu_order":0,"comment_status":"closed","ping_status":"closed","template":"","meta":{"footnotes":""},"class_list":["post-1740","page","type-page","status-publish","hentry","no-thumb"],"_links":{"self":[{"href":"https:\/\/www.webmedical.ro\/pneumoiasi\/wp-json\/wp\/v2\/pages\/1740","targetHints":{"allow":["GET"]}}],"collection":[{"href":"https:\/\/www.webmedical.ro\/pneumoiasi\/wp-json\/wp\/v2\/pages"}],"about":[{"href":"https:\/\/www.webmedical.ro\/pneumoiasi\/wp-json\/wp\/v2\/types\/page"}],"author":[{"embeddable":true,"href":"https:\/\/www.webmedical.ro\/pneumoiasi\/wp-json\/wp\/v2\/users\/1"}],"replies":[{"embeddable":true,"href":"https:\/\/www.webmedical.ro\/pneumoiasi\/wp-json\/wp\/v2\/comments?post=1740"}],"version-history":[{"count":46,"href":"https:\/\/www.webmedical.ro\/pneumoiasi\/wp-json\/wp\/v2\/pages\/1740\/revisions"}],"predecessor-version":[{"id":3896,"href":"https:\/\/www.webmedical.ro\/pneumoiasi\/wp-json\/wp\/v2\/pages\/1740\/revisions\/3896"}],"wp:attachment":[{"href":"https:\/\/www.webmedical.ro\/pneumoiasi\/wp-json\/wp\/v2\/media?parent=1740"}],"curies":[{"name":"wp","href":"https:\/\/api.w.org\/{rel}","templated":true}]}}