{"id":3462,"date":"2022-06-23T10:20:42","date_gmt":"2022-06-23T10:20:42","guid":{"rendered":"https:\/\/www.webmedical.ro\/conferintacfr\/?page_id=3462"},"modified":"2024-08-19T02:56:23","modified_gmt":"2024-08-19T02:56:23","slug":"incarca-rezumat","status":"publish","type":"page","link":"https:\/\/www.webmedical.ro\/pneumoiasi\/incarca-rezumat\/","title":{"rendered":"INCARCA REZUMAT"},"content":{"rendered":"<p>[vc_row full_width=&#8221;stretch_row&#8221; css=&#8221;.vc_custom_1674053476166{background-image: url(http:\/\/www.noaddict.ro\/wp-content\/uploads\/2023\/01\/bg-1.jpg?id=3270) !important;}&#8221;][vc_column width=&#8221;1\/2&#8243;]\n\t\t\t<div class='col-xs-12 delaware-icon-box delaware-icon-box-3    ' >\n\t\t\t\t<a href='#' class='emtry-header'><span class='icon-content'><span class='fas fa-pen-nib svg-icon' style='color:#d7905c; font-size:65px;'><\/span><\/span><\/a>\n\t\t\t\t<div class='emtry-content'>\n\t\t\t\t\t<h4 class='emtry-title'><a class='title' href='#' >INCARCA REZUMAT<\/a><\/h4>\n\t\t\t\t\t<div class='descreption'><div role=\"form\" class=\"wpcf7\" id=\"wpcf7-f2023-o1\" lang=\"en-US\" dir=\"ltr\">\n<div class=\"screen-reader-response\"><p role=\"status\" aria-live=\"polite\" aria-atomic=\"true\"><\/p> <ul><\/ul><\/div>\n<form action=\"\/pneumoiasi\/wp-json\/wp\/v2\/pages\/3462#wpcf7-f2023-o1\" method=\"post\" class=\"wpcf7-form init\" enctype=\"multipart\/form-data\" novalidate=\"novalidate\" data-status=\"init\">\n<div style=\"display: none;\">\n<input type=\"hidden\" name=\"_wpcf7\" value=\"2023\" \/>\n<input type=\"hidden\" name=\"_wpcf7_version\" value=\"5.5.6.1\" \/>\n<input type=\"hidden\" name=\"_wpcf7_locale\" value=\"en_US\" \/>\n<input type=\"hidden\" name=\"_wpcf7_unit_tag\" value=\"wpcf7-f2023-o1\" \/>\n<input type=\"hidden\" name=\"_wpcf7_container_post\" value=\"0\" \/>\n<input type=\"hidden\" name=\"_wpcf7_posted_data_hash\" value=\"\" \/>\n<\/div>\n<div class=\"dl-form dl-slider-form\">\n<h2>INCARCA REZUMAT<\/h2>\n<div><span class=\"wpcf7-form-control-wrap your-name\"><input type=\"text\" name=\"your-name\" value=\"\" size=\"40\" class=\"wpcf7-form-control wpcf7-text wpcf7-validates-as-required\" aria-required=\"true\" aria-invalid=\"false\" placeholder=\"Nume*\" \/><\/span><\/div>\n<div><span class=\"wpcf7-form-control-wrap your-email\"><input type=\"text\" name=\"your-email\" value=\"\" size=\"40\" class=\"wpcf7-form-control wpcf7-text wpcf7-validates-as-required\" aria-required=\"true\" aria-invalid=\"false\" placeholder=\"Email*\" \/><\/span><\/div>\n<div><span class=\"wpcf7-form-control-wrap phone\"><input type=\"text\" name=\"phone\" value=\"\" size=\"40\" class=\"wpcf7-form-control wpcf7-text\" aria-invalid=\"false\" placeholder=\"Telefon\" \/><\/span><\/div>\n<div><span class=\"wpcf7-form-control-wrap file-810\"><input type=\"file\" name=\"file-810\" size=\"40\" class=\"wpcf7-form-control wpcf7-file\" accept=\".jpg,.jpeg,.png,.gif,.pdf,.doc,.docx,.ppt,.pptx,.odt,.avi,.ogg,.m4a,.mov,.mp3,.mp4,.mpg,.wav,.wmv\" aria-invalid=\"false\" \/><\/span><\/div>\n<p><\/p>\n<div class=\"form-footer\">\n<input type=\"submit\" value=\"INCARCA REZUMAT\" class=\"wpcf7-form-control has-spinner wpcf7-submit dl-btn-primary\" \/>\n<\/div>\n<\/div>\n<div class=\"wpcf7-response-output\" aria-hidden=\"true\"><\/div><\/form><\/div>\n<\/div>\n\t\t\t\t\t\n\t\t\t\t<\/div>\n\t\t\t<\/div>\n\t\t\t\n\t\t[\/vc_column][vc_column width=&#8221;1\/2&#8243;]\n\t\t\t<div class='col-xs-12 delaware-icon-box delaware-icon-box-3    ' >\n\t\t\t\t<a href='#' class='emtry-header'><span class='icon-content'><span class='fas fa-book-reader svg-icon' style='color:#cae5b8; font-size:65px;'><\/span><\/span><\/a>\n\t\t\t\t<div class='emtry-content'>\n\t\t\t\t\t<h4 class='emtry-title'><a class='title' href='#' >INSTRUC\u021aIUNI DE REDACTARE<\/a><\/h4>\n\t\t\t\t\t<div class='descreption'><ul>\n<li>Rezumatele se redacteaza in limba romana<\/li>\n<li>Titlul se va scrie cu majuscule, Times New Roman de 12 pct, bold, maxim 300 caractere.<\/li>\n<li>Identificarea autorului va cuprinde urm\u0103toarele informa\u0163ii, \u00een ordinea enumer\u0103rii: prenume, nume, institu\u0163ie, departament, ora\u015f, \u0163ar\u0103, adres\u0103 de e-mail.<\/li>\n<li>Textul rezumatului va fi scris cu Times New Roman de 12 pct, la un 1,5 spatiere, maxim 400 cuvinte (f\u0103r\u0103 titlu \u015fi autori) cu spa\u0163ierea la un r\u00e2nd.<\/li>\n<li>Rezumatul nu va con\u0163ine grafice, tabele, fotografii sau schi\u0163e.<\/li>\n<li>Num\u0103rul autorilor este limitat la 6, inclusiv autorul prezentator.<\/li>\n<li>Con\u0163inutul rezumatului trebuie s\u0103 fie informativ \u015fi s\u0103 precizeze:\n<ul>\n<li>Obiectivul studiului<\/li>\n<li>Materiale \u015fi metode<\/li>\n<li>Rezultate<\/li>\n<li>Concluzii<\/li>\n<li>Bibliografie<\/li>\n<\/ul>\n<\/li>\n<li>Rezumatele vor fi publicate exact in forma trimisa, fara a mai fi corectate. Prin urmare este necesar sa fie corecte din punct de vedere gramatical, ortografic si sa fie redactate cu diacritice.<\/li>\n<\/ul>\n<\/div>\n\t\t\t\t\t\n\t\t\t\t<\/div>\n\t\t\t<\/div>\n\t\t\t\n\t\t[\/vc_column][\/vc_row]<\/p>\n","protected":false},"excerpt":{"rendered":"<p>[vc_row full_width=&#8221;stretch_row&#8221; css=&#8221;.vc_custom_1674053476166{background-image: url(http:\/\/www.noaddict.ro\/wp-content\/uploads\/2023\/01\/bg-1.jpg?id=3270) !important;}&#8221;][vc_column width=&#8221;1\/2&#8243;][\/vc_column][vc_column width=&#8221;1\/2&#8243;][\/vc_column][\/vc_row]<\/p>\n","protected":false},"author":1,"featured_media":0,"parent":0,"menu_order":0,"comment_status":"closed","ping_status":"closed","template":"","meta":{"footnotes":""},"class_list":["post-3462","page","type-page","status-publish","hentry","no-thumb"],"_links":{"self":[{"href":"https:\/\/www.webmedical.ro\/pneumoiasi\/wp-json\/wp\/v2\/pages\/3462","targetHints":{"allow":["GET"]}}],"collection":[{"href":"https:\/\/www.webmedical.ro\/pneumoiasi\/wp-json\/wp\/v2\/pages"}],"about":[{"href":"https:\/\/www.webmedical.ro\/pneumoiasi\/wp-json\/wp\/v2\/types\/page"}],"author":[{"embeddable":true,"href":"https:\/\/www.webmedical.ro\/pneumoiasi\/wp-json\/wp\/v2\/users\/1"}],"replies":[{"embeddable":true,"href":"https:\/\/www.webmedical.ro\/pneumoiasi\/wp-json\/wp\/v2\/comments?post=3462"}],"version-history":[{"count":2,"href":"https:\/\/www.webmedical.ro\/pneumoiasi\/wp-json\/wp\/v2\/pages\/3462\/revisions"}],"predecessor-version":[{"id":3837,"href":"https:\/\/www.webmedical.ro\/pneumoiasi\/wp-json\/wp\/v2\/pages\/3462\/revisions\/3837"}],"wp:attachment":[{"href":"https:\/\/www.webmedical.ro\/pneumoiasi\/wp-json\/wp\/v2\/media?parent=3462"}],"curies":[{"name":"wp","href":"https:\/\/api.w.org\/{rel}","templated":true}]}}