{"id":3692,"date":"2023-07-04T11:09:43","date_gmt":"2023-07-04T11:09:43","guid":{"rendered":"https:\/\/www.webmedical.ro\/pneumoiasi\/?page_id=3692"},"modified":"2023-07-04T11:09:43","modified_gmt":"2023-07-04T11:09:43","slug":"creditare-emc","status":"publish","type":"page","link":"https:\/\/www.webmedical.ro\/pneumoiasi\/creditare-emc\/","title":{"rendered":"Creditare emc"},"content":{"rendered":"<h3>Creditare EMC<\/h3>\n<p><span style=\"color: #000000;\">Conferin\u021ba \u201dZilele pneumologiei ie\u0219ene\u201d va fi creditat\u0103 de c\u0103tre Colegiul Medicilor din Rom\u00e2nia.<\/span><\/p>\n<p><span style=\"color: #000000;\">Certificatul de participare cu credite EMC va fi emis \u00een maxim 30 de zile lucr\u0103toare de la finalul eventului.<\/span><\/p>\n<p><span style=\"color: #000000;\">Pe adresa de email completat\u0103 la \u00eenscrierea on-line va fi transmis linkul de desc\u0103rcare al certificatului.<\/span><\/p>\n<p><span style=\"color: #000000;\">Prezen\u021ba la toate sesiunile \u0219tiin\u021bifice este absolut obligatorie pentru eliberarea certificatelor de participare !<\/span><\/p>\n<p><span style=\"color: #000000;\">Neprezentarea la event anuleaz\u0103 emiterea certificatului de participare<\/span><\/p>\n<p><span style=\"color: #000000;\">Certificatul cu credite EMC se va elibera doar medicilor ce de\u021bin COD CUIM. Cei ce nu de\u021bin COD CUIM vor primi un certificat de participare f\u0103r\u0103 credite EMC.<\/span><\/p>\n","protected":false},"excerpt":{"rendered":"<p>Creditare EMC Conferin\u021ba \u201dZilele pneumologiei ie\u0219ene\u201d va fi creditat\u0103 de c\u0103tre Colegiul Medicilor din Rom\u00e2nia. Certificatul de participare cu credite EMC va fi emis \u00een maxim 30 de zile lucr\u0103toare de la finalul eventului. Pe adresa de email completat\u0103 la \u00eenscrierea on-line va fi transmis linkul de desc\u0103rcare al certificatului. Prezen\u021ba la toate sesiunile \u0219tiin\u021bifice [&hellip;]<\/p>\n","protected":false},"author":1,"featured_media":0,"parent":0,"menu_order":0,"comment_status":"closed","ping_status":"closed","template":"","meta":{"footnotes":""},"class_list":["post-3692","page","type-page","status-publish","hentry","no-thumb"],"_links":{"self":[{"href":"https:\/\/www.webmedical.ro\/pneumoiasi\/wp-json\/wp\/v2\/pages\/3692","targetHints":{"allow":["GET"]}}],"collection":[{"href":"https:\/\/www.webmedical.ro\/pneumoiasi\/wp-json\/wp\/v2\/pages"}],"about":[{"href":"https:\/\/www.webmedical.ro\/pneumoiasi\/wp-json\/wp\/v2\/types\/page"}],"author":[{"embeddable":true,"href":"https:\/\/www.webmedical.ro\/pneumoiasi\/wp-json\/wp\/v2\/users\/1"}],"replies":[{"embeddable":true,"href":"https:\/\/www.webmedical.ro\/pneumoiasi\/wp-json\/wp\/v2\/comments?post=3692"}],"version-history":[{"count":1,"href":"https:\/\/www.webmedical.ro\/pneumoiasi\/wp-json\/wp\/v2\/pages\/3692\/revisions"}],"predecessor-version":[{"id":3693,"href":"https:\/\/www.webmedical.ro\/pneumoiasi\/wp-json\/wp\/v2\/pages\/3692\/revisions\/3693"}],"wp:attachment":[{"href":"https:\/\/www.webmedical.ro\/pneumoiasi\/wp-json\/wp\/v2\/media?parent=3692"}],"curies":[{"name":"wp","href":"https:\/\/api.w.org\/{rel}","templated":true}]}}