{"id":3695,"date":"2023-07-04T11:11:17","date_gmt":"2023-07-04T11:11:17","guid":{"rendered":"https:\/\/www.webmedical.ro\/pneumoiasi\/?page_id=3695"},"modified":"2025-09-15T05:55:38","modified_gmt":"2025-09-15T05:55:38","slug":"format-si-locatie-eveniment","status":"publish","type":"page","link":"https:\/\/www.webmedical.ro\/pneumoiasi\/format-si-locatie-eveniment\/","title":{"rendered":"Format \u0219i loca\u021bie eveniment"},"content":{"rendered":"<h3><span style=\"color: #000000;\">Format \u0219i loca\u021bie eveniment<\/span><\/h3>\n<p><span style=\"color: #000000;\">Conferin\u021ba \u201dZilele pneumologiei ie\u0219ene\u201d se va derula doar cu prezen\u021b\u0103 fizic\u0103 \u00een perioada 2 &#8211; 4 OCTOMBRIE 2025.<\/span><\/p>\n<p><span style=\"color: #000000;\">Loca\u021bia de desf\u0103\u0219urare va fi : Hotel Unirea, Ia\u0219i.<\/span><\/p>\n","protected":false},"excerpt":{"rendered":"<p>Format \u0219i loca\u021bie eveniment Conferin\u021ba \u201dZilele pneumologiei ie\u0219ene\u201d se va derula doar cu prezen\u021b\u0103 fizic\u0103 \u00een perioada 2 &#8211; 4 OCTOMBRIE 2025. Loca\u021bia de desf\u0103\u0219urare va fi : Hotel Unirea, Ia\u0219i.<\/p>\n","protected":false},"author":1,"featured_media":0,"parent":0,"menu_order":0,"comment_status":"closed","ping_status":"closed","template":"","meta":{"footnotes":""},"class_list":["post-3695","page","type-page","status-publish","hentry","no-thumb"],"_links":{"self":[{"href":"https:\/\/www.webmedical.ro\/pneumoiasi\/wp-json\/wp\/v2\/pages\/3695","targetHints":{"allow":["GET"]}}],"collection":[{"href":"https:\/\/www.webmedical.ro\/pneumoiasi\/wp-json\/wp\/v2\/pages"}],"about":[{"href":"https:\/\/www.webmedical.ro\/pneumoiasi\/wp-json\/wp\/v2\/types\/page"}],"author":[{"embeddable":true,"href":"https:\/\/www.webmedical.ro\/pneumoiasi\/wp-json\/wp\/v2\/users\/1"}],"replies":[{"embeddable":true,"href":"https:\/\/www.webmedical.ro\/pneumoiasi\/wp-json\/wp\/v2\/comments?post=3695"}],"version-history":[{"count":5,"href":"https:\/\/www.webmedical.ro\/pneumoiasi\/wp-json\/wp\/v2\/pages\/3695\/revisions"}],"predecessor-version":[{"id":3927,"href":"https:\/\/www.webmedical.ro\/pneumoiasi\/wp-json\/wp\/v2\/pages\/3695\/revisions\/3927"}],"wp:attachment":[{"href":"https:\/\/www.webmedical.ro\/pneumoiasi\/wp-json\/wp\/v2\/media?parent=3695"}],"curies":[{"name":"wp","href":"https:\/\/api.w.org\/{rel}","templated":true}]}}