{"id":3831,"date":"2024-08-19T02:53:28","date_gmt":"2024-08-19T02:53:28","guid":{"rendered":"https:\/\/www.webmedical.ro\/pneumoiasi\/?page_id=3831"},"modified":"2025-07-22T06:55:07","modified_gmt":"2025-07-22T06:55:07","slug":"instructiuni-rezumate-2","status":"publish","type":"page","link":"https:\/\/www.webmedical.ro\/pneumoiasi\/instructiuni-rezumate-2\/","title":{"rendered":"INSTRUCTIUNI REZUMATE"},"content":{"rendered":"<p>[vc_row full_width=&#8221;stretch_row&#8221; css=&#8221;.vc_custom_1674053476166{background-image: url(http:\/\/www.noaddict.ro\/wp-content\/uploads\/2023\/01\/bg-1.jpg?id=3270) !important;}&#8221;][vc_column width=&#8221;1\/2&#8243;]\n\t\t\t<div class='col-xs-12 delaware-icon-box delaware-icon-box-3    ' >\n\t\t\t\t<a href='#' class='emtry-header'><span class='icon-content'><span class='fas fa-pen-nib svg-icon' style='color:#d7905c; font-size:65px;'><\/span><\/span><\/a>\n\t\t\t\t<div class='emtry-content'>\n\t\t\t\t\t<h4 class='emtry-title'><a class='title' href='#' >START TRANSMITERE REZUMATE<\/a><\/h4>\n\t\t\t\t\t<div class='descreption'><p>\u00cencep\u00e2nd cu data de <span style=\"color: #06a203;\"><strong>01 AUGUST 2025<\/strong><\/span> pute\u021bi \u00eenc\u0103rca rezumatele prin intermediul butonului de \u00eencarcare documente (<span style=\"color: #ba0003;\"><a style=\"color: #ba0003;\" href=\"https:\/\/www.webmedical.ro\/pneumoiasi\/incarca-rezumat\/\"><strong>apasa aici<\/strong><\/a><\/span>).<\/p>\n<p>&nbsp;<\/p>\n<p><strong>FINAL RECEPTIONARE REZUMATE<\/strong><\/p>\n<p>Va rugam ca pana la data de\u00a0<strong><span style=\"color: #06a203;\">15 AUGUST 2025<\/span>\u00a0<\/strong>sa ne transmiteti titlul si rezumatul prin intermediul butonului de incarcare documente.<\/p>\n<p>&nbsp;<\/p>\n<p><strong>\u00ceNSCRIERE REZUMAT<\/strong><\/p>\n<p>Acceptarea rezumatului de catre organizatori determina ulterior plata taxei de\u00a0 participare si inregistrarea on line la eveniment.<\/p>\n<p>&nbsp;<\/p>\n<p><strong>ACCEPTARE \/ RESPINGERE REZUMAT<\/strong><\/p>\n<p>Comitetului stiintific va anunta autorul principal pana la data de <span style=\"color: #06a203;\"><strong>20 SEPTEMBRIE 2025<\/strong><\/span>\u00a0legat de acceptul sau respingerea rezumatului.<\/p>\n<p>&nbsp;<\/p>\n<p><strong>PUBLICAREA REZUMATELOR<\/strong><\/p>\n<p>Rezumatele vor fi publicate in Volumul de rezumate al conferintei, volum ce va detine ISBN.<\/p>\n<\/div>\n\t\t\t\t\t\n\t\t\t\t<\/div>\n\t\t\t<\/div>\n\t\t\t\n\t\t[\/vc_column][vc_column width=&#8221;1\/2&#8243;]\n\t\t\t<div class='col-xs-12 delaware-icon-box delaware-icon-box-3    ' >\n\t\t\t\t<a href='#' class='emtry-header'><span class='icon-content'><span class='fas fa-book-reader svg-icon' style='color:#cae5b8; font-size:65px;'><\/span><\/span><\/a>\n\t\t\t\t<div class='emtry-content'>\n\t\t\t\t\t<h4 class='emtry-title'><a class='title' href='#' >INSTRUC\u021aIUNI DE REDACTARE<\/a><\/h4>\n\t\t\t\t\t<div class='descreption'><ul>\n<li>Rezumatele se redacteaza in limba romana<\/li>\n<li>Titlul se va scrie cu majuscule, Times New Roman de 12 pct, bold, maxim 300 caractere.<\/li>\n<li>Identificarea autorului va cuprinde urm\u0103toarele informa\u0163ii, \u00een ordinea enumer\u0103rii: prenume, nume, institu\u0163ie, departament, ora\u015f, \u0163ar\u0103, adres\u0103 de e-mail.<\/li>\n<li>Textul rezumatului va fi scris cu Times New Roman de 12 pct, la un 1,5 spatiere, maxim 400 cuvinte (f\u0103r\u0103 titlu \u015fi autori) cu spa\u0163ierea la un r\u00e2nd.<\/li>\n<li>Rezumatul nu va con\u0163ine grafice, tabele, fotografii sau schi\u0163e.<\/li>\n<li>Num\u0103rul autorilor este limitat la 6, inclusiv autorul prezentator.<\/li>\n<li>Con\u0163inutul rezumatului trebuie s\u0103 fie informativ \u015fi s\u0103 precizeze:\n<ul>\n<li>Obiectivul studiului<\/li>\n<li>Materiale \u015fi metode<\/li>\n<li>Rezultate<\/li>\n<li>Concluzii<\/li>\n<li>Bibliografie<\/li>\n<\/ul>\n<\/li>\n<li>Rezumatele vor fi publicate exact in forma trimisa, fara a mai fi corectate. Prin urmare este necesar sa fie corecte din punct de vedere gramatical, ortografic si sa fie redactate cu diacritice.<\/li>\n<\/ul>\n<\/div>\n\t\t\t\t\t\n\t\t\t\t<\/div>\n\t\t\t<\/div>\n\t\t\t\n\t\t[\/vc_column][\/vc_row][vc_row disable_element=&#8221;yes&#8221;][vc_column][vc_column_text]<span style=\"color: #000000;\"><strong>Start transmitere rezumate &#8211; START<\/strong><\/span><\/p>\n<p><span style=\"color: #000000;\">\u00cencep\u00e2nd cu data de <strong>01 AUGUST 2025<\/strong> pute\u021bi \u00eenc\u0103rca rezumatele prin intermediul butonului de \u00eencarcare documente (<a style=\"color: #000000;\" href=\"https:\/\/www.noaddict.ro\/incarca-rezumat\/\"><strong>apasa aici<\/strong><\/a>).<\/span><\/p>\n<p><span style=\"color: #000000;\"><strong>FINAL RECEPTIONARE REZUMATE<\/strong><\/span><\/p>\n<p><span style=\"color: #000000;\">Va rugam ca pana la data de\u00a0<strong>15 FEBRUARIE 2025\u00a0<\/strong>sa ne transmiteti titlul si rezumatul prin intermediul butonului de incarcare documente.<\/span><\/p>\n<p><span style=\"color: #000000;\"><strong>\u00ceNSCRIERE REZUMAT<\/strong><\/span><\/p>\n<p><span style=\"color: #000000;\">Acceptarea rezumatului de catre organizatori determina ulterior plata taxei de\u00a0 participare si inregistrarea on line la eveniment.<\/span><\/p>\n<p>&nbsp;<\/p>\n<p><span style=\"color: #000000;\"><strong>ACCEPTARE \/ RESPINGERE REZUMAT<\/strong><\/span><\/p>\n<p><span style=\"color: #000000;\">Comitetului stiintific va anunta autorul principal pana la data de <strong>15 AUGUST 2025<\/strong>\u00a0legat de acceptul sau respingerea rezumatului.<\/span><\/p>\n<p><span style=\"color: #000000;\"><strong>PUBLICAREA REZUMATELOR<\/strong><\/span><\/p>\n<p><span style=\"color: #000000;\">Rezumatele vor fi publicate in Volumul de rezumate al conferintei, volum ce va detine ISBN.<\/span><\/p>\n<ul>\n<li><span style=\"color: #000000;\">Rezumatele se redacteaza in limba romana<\/span><\/li>\n<li><span style=\"color: #000000;\">Titlul se va scrie cu majuscule, Times New Roman de 12 pct, bold, maxim 300 caractere.<\/span><\/li>\n<li><span style=\"color: #000000;\">Identificarea autorului va cuprinde urm\u0103toarele informa\u0163ii, \u00een ordinea enumer\u0103rii: prenume, nume, institu\u0163ie, departament, ora\u015f, \u0163ar\u0103, adres\u0103 de e-mail.<\/span><\/li>\n<li><span style=\"color: #000000;\">Textul rezumatului va fi scris cu Times New Roman de 12 pct, la un 1,5 spatiere, maxim 400 cuvinte (f\u0103r\u0103 titlu \u015fi autori) cu spa\u0163ierea la un r\u00e2nd.<\/span><\/li>\n<li><span style=\"color: #000000;\">Rezumatul nu va con\u0163ine grafice, tabele, fotografii sau schi\u0163e.<\/span><\/li>\n<li><span style=\"color: #000000;\">Num\u0103rul autorilor este limitat la 6, inclusiv autorul prezentator.<\/span><\/li>\n<li><span style=\"color: #000000;\">Con\u0163inutul rezumatului trebuie s\u0103 fie informativ \u015fi s\u0103 precizeze:<\/span>\n<ul>\n<li><span style=\"color: #000000;\">Obiectivul studiului<\/span><\/li>\n<li><span style=\"color: #000000;\">Materiale \u015fi metode<\/span><\/li>\n<li><span style=\"color: #000000;\">Rezultate<\/span><\/li>\n<li><span style=\"color: #000000;\">Concluzii<\/span><\/li>\n<li><span style=\"color: #000000;\">Bibliografie<\/span><\/li>\n<\/ul>\n<\/li>\n<li><span style=\"color: #000000;\">Rezumatele vor fi publicate exact in forma trimisa, fara a mai fi corectate. Prin urmare este necesar sa fie corecte din punct de vedere gramatical, ortografic si sa fie redactate cu diacritice.<\/span><\/li>\n<\/ul>\n<p>[\/vc_column_text][\/vc_column][\/vc_row]<\/p>\n","protected":false},"excerpt":{"rendered":"<p>[vc_row full_width=&#8221;stretch_row&#8221; css=&#8221;.vc_custom_1674053476166{background-image: url(http:\/\/www.noaddict.ro\/wp-content\/uploads\/2023\/01\/bg-1.jpg?id=3270) !important;}&#8221;][vc_column width=&#8221;1\/2&#8243;][\/vc_column][vc_column width=&#8221;1\/2&#8243;][\/vc_column][\/vc_row][vc_row disable_element=&#8221;yes&#8221;][vc_column][vc_column_text]Start transmitere rezumate &#8211; START \u00cencep\u00e2nd cu data de 01 AUGUST 2025 pute\u021bi \u00eenc\u0103rca rezumatele prin intermediul butonului de \u00eencarcare documente (apasa aici). FINAL RECEPTIONARE REZUMATE Va rugam ca pana la data de\u00a015 FEBRUARIE 2025\u00a0sa ne transmiteti titlul si rezumatul prin intermediul butonului de incarcare documente. \u00ceNSCRIERE REZUMAT [&hellip;]<\/p>\n","protected":false},"author":1,"featured_media":0,"parent":0,"menu_order":0,"comment_status":"closed","ping_status":"closed","template":"","meta":{"footnotes":""},"class_list":["post-3831","page","type-page","status-publish","hentry","no-thumb"],"_links":{"self":[{"href":"https:\/\/www.webmedical.ro\/pneumoiasi\/wp-json\/wp\/v2\/pages\/3831","targetHints":{"allow":["GET"]}}],"collection":[{"href":"https:\/\/www.webmedical.ro\/pneumoiasi\/wp-json\/wp\/v2\/pages"}],"about":[{"href":"https:\/\/www.webmedical.ro\/pneumoiasi\/wp-json\/wp\/v2\/types\/page"}],"author":[{"embeddable":true,"href":"https:\/\/www.webmedical.ro\/pneumoiasi\/wp-json\/wp\/v2\/users\/1"}],"replies":[{"embeddable":true,"href":"https:\/\/www.webmedical.ro\/pneumoiasi\/wp-json\/wp\/v2\/comments?post=3831"}],"version-history":[{"count":5,"href":"https:\/\/www.webmedical.ro\/pneumoiasi\/wp-json\/wp\/v2\/pages\/3831\/revisions"}],"predecessor-version":[{"id":3900,"href":"https:\/\/www.webmedical.ro\/pneumoiasi\/wp-json\/wp\/v2\/pages\/3831\/revisions\/3900"}],"wp:attachment":[{"href":"https:\/\/www.webmedical.ro\/pneumoiasi\/wp-json\/wp\/v2\/media?parent=3831"}],"curies":[{"name":"wp","href":"https:\/\/api.w.org\/{rel}","templated":true}]}}