{"id":831,"date":"2018-07-16T03:04:44","date_gmt":"2018-07-16T03:04:44","guid":{"rendered":"http:\/\/localhost\/wp\/?page_id=831"},"modified":"2025-10-01T08:14:58","modified_gmt":"2025-10-01T08:14:58","slug":"inregistrare","status":"publish","type":"page","link":"https:\/\/www.webmedical.ro\/pneumoiasi\/inregistrare\/","title":{"rendered":"INREGISTRARE"},"content":{"rendered":"<p>[vc_row disable_element=&#8221;yes&#8221; css=&#8221;.vc_custom_1759306491297{margin-top: 55px !important;}&#8221;][vc_column][vc_column_text][\/vc_column_text][vc_column_text css=&#8221;.vc_custom_1753167213329{margin-top: 44px !important;margin-bottom: 33px !important;}&#8221; el_class=&#8221;chenarfff&#8221;]<\/p>\n<div id=\"forwardbody1\">\n<div role=\"form\" class=\"wpcf7\" id=\"wpcf7-f1261-o1\" lang=\"en-US\" dir=\"ltr\">\n<div class=\"screen-reader-response\"><p role=\"status\" aria-live=\"polite\" aria-atomic=\"true\"><\/p> <ul><\/ul><\/div>\n<form action=\"\/pneumoiasi\/wp-json\/wp\/v2\/pages\/831#wpcf7-f1261-o1\" method=\"post\" class=\"wpcf7-form init\" novalidate=\"novalidate\" data-status=\"init\">\n<div style=\"display: none;\">\n<input type=\"hidden\" name=\"_wpcf7\" value=\"1261\" \/>\n<input type=\"hidden\" name=\"_wpcf7_version\" value=\"5.5.6.1\" \/>\n<input type=\"hidden\" name=\"_wpcf7_locale\" value=\"en_US\" \/>\n<input type=\"hidden\" name=\"_wpcf7_unit_tag\" value=\"wpcf7-f1261-o1\" \/>\n<input type=\"hidden\" name=\"_wpcf7_container_post\" value=\"0\" \/>\n<input type=\"hidden\" name=\"_wpcf7_posted_data_hash\" value=\"\" \/>\n<\/div>\n<p><label> Titlu (obligatoriu)<br \/>\n<span class=\"wpcf7-form-control-wrap radio-314\"><span class=\"wpcf7-form-control wpcf7-radio\"><span class=\"wpcf7-list-item first\"><input type=\"radio\" name=\"radio-314\" value=\"Doamna\" checked=\"checked\" \/><span class=\"wpcf7-list-item-label\">Doamna<\/span><\/span><span class=\"wpcf7-list-item last\"><input type=\"radio\" name=\"radio-314\" value=\"Domnul\" \/><span class=\"wpcf7-list-item-label\">Domnul<\/span><\/span><\/span><\/span><br \/>\n<\/label><\/p>\n<p><label> Titlu 2 (obligatoriu)<br \/>\n<span class=\"wpcf7-form-control-wrap radio-315\"><span class=\"wpcf7-form-control wpcf7-radio\"><span class=\"wpcf7-list-item first\"><input type=\"radio\" name=\"radio-315\" value=\"Prof. Univ. Dr.\" checked=\"checked\" \/><span class=\"wpcf7-list-item-label\">Prof. Univ. Dr.<\/span><\/span><span class=\"wpcf7-list-item\"><input type=\"radio\" name=\"radio-315\" value=\"Conf. Univ. Dr.\" \/><span class=\"wpcf7-list-item-label\">Conf. Univ. Dr.<\/span><\/span><span class=\"wpcf7-list-item\"><input type=\"radio\" name=\"radio-315\" value=\"\u0218ef Lucr\u0103ri Dr.\" \/><span class=\"wpcf7-list-item-label\">\u0218ef Lucr\u0103ri Dr.<\/span><\/span><span class=\"wpcf7-list-item\"><input type=\"radio\" name=\"radio-315\" value=\"As. Univ. Dr.\" \/><span class=\"wpcf7-list-item-label\">As. Univ. Dr.<\/span><\/span><span class=\"wpcf7-list-item\"><input type=\"radio\" name=\"radio-315\" value=\"Medic Primar\" \/><span class=\"wpcf7-list-item-label\">Medic Primar<\/span><\/span><span class=\"wpcf7-list-item\"><input type=\"radio\" name=\"radio-315\" value=\"Medic Specialist\" \/><span class=\"wpcf7-list-item-label\">Medic Specialist<\/span><\/span><span class=\"wpcf7-list-item last\"><input type=\"radio\" name=\"radio-315\" value=\"Medic Rezident\" \/><span class=\"wpcf7-list-item-label\">Medic Rezident<\/span><\/span><\/span><\/span><br \/>\n<\/label>\n<div class=\"row-flex\">\n<div class=\"col-flex-lg-6 col-flex-md-6 col-flex-sm-6 col-flex-xs-12\">\n<p><label>Prenumele dumneavoastr\u0103<br \/>\n    <span class=\"wpcf7-form-control-wrap prenume\"><input type=\"text\" name=\"prenume\" value=\"\" size=\"40\" class=\"wpcf7-form-control wpcf7-text wpcf7-validates-as-required\" aria-required=\"true\" aria-invalid=\"false\" placeholder=\"ex. Andrei\" \/><\/span> <\/label><\/p>\n<p><label>Nume de familie<br \/>\n    <span class=\"wpcf7-form-control-wrap nume\"><input type=\"text\" name=\"nume\" value=\"\" size=\"40\" class=\"wpcf7-form-control wpcf7-text wpcf7-validates-as-required\" aria-required=\"true\" aria-invalid=\"false\" placeholder=\"ex. Iftode\" \/><\/span> <\/label><\/p>\n<p><label>CNP - nu va fi f\u0103cut public<br \/>\n    <span class=\"wpcf7-form-control-wrap cnp\"><input type=\"text\" name=\"cnp\" value=\"\" size=\"40\" class=\"wpcf7-form-control wpcf7-text wpcf7-validates-as-required\" aria-required=\"true\" aria-invalid=\"false\" placeholder=\"C.N.P.\" \/><\/span> <\/label><\/p>\n<p><label>CUIM<br \/>\n    <span class=\"wpcf7-form-control-wrap cuim\"><input type=\"text\" name=\"cuim\" value=\"\" size=\"40\" class=\"wpcf7-form-control wpcf7-text wpcf7-validates-as-required\" aria-required=\"true\" aria-invalid=\"false\" placeholder=\"CUIM\" \/><\/span> <\/label><\/p>\n<p><label>Specializare<br \/>\n    <span class=\"wpcf7-form-control-wrap specializare\"><input type=\"text\" name=\"specializare\" value=\"\" size=\"40\" class=\"wpcf7-form-control wpcf7-text wpcf7-validates-as-required\" aria-required=\"true\" aria-invalid=\"false\" \/><\/span> <\/label><\/p>\n<\/div>\n<div class=\"col-flex-lg-6 col-flex-md-6 col-flex-sm-6 col-flex-xs-12\">\n<label> Ora\u0219 & Jude\u021b<br \/>\n    <span class=\"wpcf7-form-control-wrap oras\"><input type=\"text\" name=\"oras\" value=\"\" size=\"40\" class=\"wpcf7-form-control wpcf7-text wpcf7-validates-as-required\" aria-required=\"true\" aria-invalid=\"false\" \/><\/span> <\/label><\/p>\n<p><label> \u021aara de provenien\u021b\u0103<br \/>\n    <span class=\"wpcf7-form-control-wrap tara\"><input type=\"text\" name=\"tara\" value=\"\" size=\"40\" class=\"wpcf7-form-control wpcf7-text wpcf7-validates-as-required\" aria-required=\"true\" aria-invalid=\"false\" \/><\/span> <\/label><\/p>\n<p><label> Num\u0103r telefon<br \/>\n    <span class=\"wpcf7-form-control-wrap telefon\"><input type=\"text\" name=\"telefon\" value=\"\" size=\"40\" class=\"wpcf7-form-control wpcf7-text wpcf7-validates-as-required\" aria-required=\"true\" aria-invalid=\"false\" \/><\/span> <\/label><\/p>\n<p><label> Adres\u0103 de email<br \/>\n    <span class=\"wpcf7-form-control-wrap your-email\"><input type=\"email\" name=\"your-email\" value=\"\" size=\"40\" class=\"wpcf7-form-control wpcf7-text wpcf7-email wpcf7-validates-as-required wpcf7-validates-as-email\" aria-required=\"true\" aria-invalid=\"false\" \/><\/span> <\/label><\/p>\n<p><label> Afiliere (Spital\/Organiza\u021bie\/Institu\u021bie)<br \/>\n    <span class=\"wpcf7-form-control-wrap afiliere\"><input type=\"text\" name=\"afiliere\" value=\"\" size=\"40\" class=\"wpcf7-form-control wpcf7-text wpcf7-validates-as-required\" aria-required=\"true\" aria-invalid=\"false\" \/><\/span> <\/label>\n<\/div>\n<\/div>\n<div style=\"color: #000; padding: 10px; margin-top: 20px!important; font-weight: bold; text-align:center;width:100%;background: #CCC;\"><span class=\"wpcf7-form-control-wrap acceptance-467\"><span class=\"wpcf7-form-control wpcf7-acceptance\"><span class=\"wpcf7-list-item\"><label><input type=\"checkbox\" name=\"acceptance-467\" value=\"1\" aria-invalid=\"false\" \/><span class=\"wpcf7-list-item-label\">Accept termenii \u0219i condi\u021biile de participare la conferinta Nationala \"Zilele Pneumologiei Ie\u0219ene\" edi\u021bia 2025. (<a href=\"https:\/\/www.webmedical.ro\/pneumoiasi\/termeni-si-conditii-de-participare\/\" traget=\"_blank\">CITE\u0218TE MAI MULT<\/a>)<\/span><\/label><\/span><\/span><\/span><\/div>\n<div style=\"color: #000; padding: 10px; font-weight: bold; text-align:center;width:100%;background: #FFF0D6;\"><span class=\"wpcf7-form-control-wrap acceptance-468\"><span class=\"wpcf7-form-control wpcf7-acceptance\"><span class=\"wpcf7-list-item\"><label><input type=\"checkbox\" name=\"acceptance-468\" value=\"1\" aria-invalid=\"false\" \/><span class=\"wpcf7-list-item-label\">Accept politica de confiden\u021bialitate \u0219i procesare a datelor cu caracter personal \u00een conformitate cu GDPR (190\/2018)<\/span><\/label><\/span><\/span><\/span><\/div>\n<p><center> <input type=\"submit\" value=\"TRIMITE FORMULAR \u00ceNSCRIERE\" class=\"wpcf7-form-control has-spinner wpcf7-submit\" \/><br \/>\n<\/center><\/p>\n<div class=\"wpcf7-response-output\" aria-hidden=\"true\"><\/div><\/form><\/div>\n<p><strong><span style=\"color: #ff0000;\">INFORMA\u021aII DESPRE CONDI\u021aIILE DE PARTICIPARE<\/span><\/strong><\/p>\n<p><span style=\"color: #000000;\"><strong>CORECTITUDINE INFORMA\u021aII<\/strong><\/span><\/p>\n<ol>\n<li><span style=\"color: #000000;\">V\u0103 rug\u0103m s\u0103 v\u0103 asigura\u021bi de faptul c\u0103 datele completate sunt corecte, lipsa datelor poate anula emiterea certificatului, completarea datelor \u00een mod incorect va face imposibil\u0103 fie desc\u0103rcarea certificatului, fie realizarea coreponden\u021bei !<\/span><\/li>\n<\/ol>\n<p><span style=\"color: #000000;\"><strong>CONFIRMARE \u00ceNSCRIERE<\/strong><\/span><\/p>\n<ol start=\"2\">\n<li><span style=\"color: #000000;\">Ulterior \u00eenscrierii, ve\u021bi primi un e-mail de confirmare a \u00eenregistr\u0103rii \u00een maxim 5 minute de le efectuarea ei. C\u0103uta\u021bi acest email \u0219i \u00een SPAM, fi\u021bi aten\u021bi la adresa de email completat\u0103, s\u0103 nu fie gre\u0219it\u0103, \u00een acest caz nu ve\u021bi putea recep\u021biona nici emailul de confirmare, nici informa\u021bii de spre event !<\/span><\/li>\n<li><span style=\"color: #000000;\">\u00cen cazul \u00een care nu primi\u021bi acest email de confirmare repeteta\u021bi \u00eenscrierea on-line!<\/span><\/li>\n<\/ol>\n<p><span style=\"color: #000000;\"><strong>PREZEN\u021aA<\/strong><\/span><\/p>\n<ol start=\"4\">\n<li><span style=\"color: #000000;\">Prezen\u021ba la toate sesiunile \u0219tiin\u021bifice este absolut obligatorie pentru eliberarea certificatelor de participare !<\/span><\/li>\n<li><span style=\"color: #000000;\">Neprezentarea la event anuleaz\u0103 emiterea certificatului de participare.<\/span><\/li>\n<\/ol>\n<p><span style=\"color: #000000;\"><strong>PLAT\u0102<\/strong><\/span><\/p>\n<ol start=\"6\">\n<li><span style=\"color: #000000;\">\u00cenregistrarea nu este valid\u0103 f\u0103r\u0103 realizarea pl\u0103\u021bii!<\/span><\/li>\n<li><span style=\"color: #000000;\">Primul pas este efectuarea pl\u0103\u021bii, ulterior efectuarea \u00eenscrierii.<\/span><\/li>\n<\/ol>\n<p><span style=\"color: #000000;\"><strong>ANULARE PARTICIPARE<\/strong><\/span><\/p>\n<ol start=\"8\">\n<li><span style=\"color: #000000;\">Dreptul de anulare a \u00eenregistr\u0103rii indiferent de motivul invocat este valabil p\u00e2n\u0103 la data de 1 Septembrie, iar taxa de participare achitat\u0103 va fi rambursat\u0103 integral.<\/span><\/li>\n<li><span style=\"color: #000000;\">Dup\u0103 data de 1 Septembrie 2025 nu se returneaz\u0103 taxa.<\/span><\/li>\n<\/ol>\n<p><span style=\"color: #000000;\">10.Neprezentarea la eveniment \u0219i solicitarea taxei post-event, sau \u00een timpul eventului nu este posibil\u0103 !<\/span><\/p>\n<\/div>\n<p>[\/vc_column_text][\/vc_column][\/vc_row][vc_row css=&#8221;.vc_custom_1759306496577{padding-top: 122px !important;padding-bottom: 122px !important;}&#8221;][vc_column][vc_column_text]<\/p>\n<h1 style=\"text-align: center;\"><span style=\"color: #ff0000;\">STOP INSCRIERI!<\/span><\/h1>\n<p>[\/vc_column_text][\/vc_column][\/vc_row]<\/p>\n","protected":false},"excerpt":{"rendered":"<p>[vc_row disable_element=&#8221;yes&#8221; css=&#8221;.vc_custom_1759306491297{margin-top: 55px !important;}&#8221;][vc_column][vc_column_text][\/vc_column_text][vc_column_text css=&#8221;.vc_custom_1753167213329{margin-top: 44px !important;margin-bottom: 33px !important;}&#8221; el_class=&#8221;chenarfff&#8221;] INFORMA\u021aII DESPRE CONDI\u021aIILE DE PARTICIPARE CORECTITUDINE INFORMA\u021aII V\u0103 rug\u0103m s\u0103 v\u0103 asigura\u021bi de faptul c\u0103 datele completate sunt corecte, lipsa datelor poate anula emiterea certificatului, completarea datelor \u00een mod incorect va face imposibil\u0103 fie desc\u0103rcarea certificatului, fie realizarea coreponden\u021bei ! CONFIRMARE \u00ceNSCRIERE Ulterior \u00eenscrierii, [&hellip;]<\/p>\n","protected":false},"author":1,"featured_media":0,"parent":0,"menu_order":0,"comment_status":"closed","ping_status":"closed","template":"template-fullwidth.php","meta":{"footnotes":""},"class_list":["post-831","page","type-page","status-publish","hentry","no-thumb"],"_links":{"self":[{"href":"https:\/\/www.webmedical.ro\/pneumoiasi\/wp-json\/wp\/v2\/pages\/831","targetHints":{"allow":["GET"]}}],"collection":[{"href":"https:\/\/www.webmedical.ro\/pneumoiasi\/wp-json\/wp\/v2\/pages"}],"about":[{"href":"https:\/\/www.webmedical.ro\/pneumoiasi\/wp-json\/wp\/v2\/types\/page"}],"author":[{"embeddable":true,"href":"https:\/\/www.webmedical.ro\/pneumoiasi\/wp-json\/wp\/v2\/users\/1"}],"replies":[{"embeddable":true,"href":"https:\/\/www.webmedical.ro\/pneumoiasi\/wp-json\/wp\/v2\/comments?post=831"}],"version-history":[{"count":33,"href":"https:\/\/www.webmedical.ro\/pneumoiasi\/wp-json\/wp\/v2\/pages\/831\/revisions"}],"predecessor-version":[{"id":3956,"href":"https:\/\/www.webmedical.ro\/pneumoiasi\/wp-json\/wp\/v2\/pages\/831\/revisions\/3956"}],"wp:attachment":[{"href":"https:\/\/www.webmedical.ro\/pneumoiasi\/wp-json\/wp\/v2\/media?parent=831"}],"curies":[{"name":"wp","href":"https:\/\/api.w.org\/{rel}","templated":true}]}}