{"id":1361,"date":"2023-06-20T03:45:14","date_gmt":"2023-06-20T03:45:14","guid":{"rendered":"https:\/\/webmedical.ro\/conferintacfr2\/?page_id=1361"},"modified":"2026-01-21T10:09:46","modified_gmt":"2026-01-21T10:09:46","slug":"parteneri","status":"publish","type":"page","link":"https:\/\/www.webmedical.ro\/realitatialespitalelor\/parteneri\/","title":{"rendered":"Parteneri"},"content":{"rendered":"\t\t<div data-elementor-type=\"wp-page\" data-elementor-id=\"1361\" class=\"elementor elementor-1361\">\n\t\t\t\t\t\t<section class=\"elementor-section elementor-top-section elementor-element elementor-element-79d0ef7 elementor-section-boxed elementor-section-height-default elementor-section-height-default\" data-id=\"79d0ef7\" data-element_type=\"section\" data-settings=\"{&quot;background_background&quot;:&quot;classic&quot;}\">\n\t\t\t\t\t\t<div class=\"elementor-container elementor-column-gap-default\">\n\t\t\t\t\t<div class=\"elementor-column elementor-col-100 elementor-top-column elementor-element elementor-element-fe29629\" data-id=\"fe29629\" data-element_type=\"column\">\n\t\t\t<div class=\"elementor-widget-wrap elementor-element-populated\">\n\t\t\t\t\t\t<div class=\"elementor-element elementor-element-deb3eab elementor-widget elementor-widget-heading\" data-id=\"deb3eab\" data-element_type=\"widget\" data-widget_type=\"heading.default\">\n\t\t\t\t<div class=\"elementor-widget-container\">\n\t\t\t<style>\/*! elementor - v3.23.0 - 15-07-2024 *\/\n.elementor-heading-title{padding:0;margin:0;line-height:1}.elementor-widget-heading .elementor-heading-title[class*=elementor-size-]>a{color:inherit;font-size:inherit;line-height:inherit}.elementor-widget-heading .elementor-heading-title.elementor-size-small{font-size:15px}.elementor-widget-heading .elementor-heading-title.elementor-size-medium{font-size:19px}.elementor-widget-heading .elementor-heading-title.elementor-size-large{font-size:29px}.elementor-widget-heading .elementor-heading-title.elementor-size-xl{font-size:39px}.elementor-widget-heading .elementor-heading-title.elementor-size-xxl{font-size:59px}<\/style><h2 class=\"elementor-heading-title elementor-size-default\">PARTENERI<\/h2>\t\t<\/div>\n\t\t\t\t<\/div>\n\t\t\t\t<div class=\"elementor-element elementor-element-dae4fbf elementor-widget elementor-widget-text-editor\" data-id=\"dae4fbf\" data-element_type=\"widget\" data-widget_type=\"text-editor.default\">\n\t\t\t\t<div class=\"elementor-widget-container\">\n\t\t\t<style>\/*! elementor - v3.23.0 - 15-07-2024 *\/\n.elementor-widget-text-editor.elementor-drop-cap-view-stacked .elementor-drop-cap{background-color:#69727d;color:#fff}.elementor-widget-text-editor.elementor-drop-cap-view-framed .elementor-drop-cap{color:#69727d;border:3px solid;background-color:transparent}.elementor-widget-text-editor:not(.elementor-drop-cap-view-default) .elementor-drop-cap{margin-top:8px}.elementor-widget-text-editor:not(.elementor-drop-cap-view-default) .elementor-drop-cap-letter{width:1em;height:1em}.elementor-widget-text-editor .elementor-drop-cap{float:left;text-align:center;line-height:1;font-size:50px}.elementor-widget-text-editor .elementor-drop-cap-letter{display:inline-block}<\/style>\t\t\t\t<p>Conferin\u021ba Na\u021bional\u0103 &#8222;REALIT\u0102\u021aI ALE SPITALELOR DIN ROM\u00c2NIA \u00ceN ANUL 2026&#8221;, A II-A EDI\u021aIE<\/p>\t\t\t\t\t\t<\/div>\n\t\t\t\t<\/div>\n\t\t\t\t\t<\/div>\n\t\t<\/div>\n\t\t\t\t\t<\/div>\n\t\t<\/section>\n\t\t\t\t<section class=\"elementor-section elementor-top-section elementor-element elementor-element-bc26f49 elementor-section-boxed elementor-section-height-default elementor-section-height-default\" data-id=\"bc26f49\" data-element_type=\"section\">\n\t\t\t\t\t\t<div class=\"elementor-container elementor-column-gap-default\">\n\t\t\t\t\t<div class=\"elementor-column elementor-col-100 elementor-top-column elementor-element elementor-element-e45d9a6\" data-id=\"e45d9a6\" data-element_type=\"column\">\n\t\t\t<div class=\"elementor-widget-wrap elementor-element-populated\">\n\t\t\t\t\t\t<div class=\"elementor-element elementor-element-582b580 elementor-widget elementor-widget-text-editor\" data-id=\"582b580\" data-element_type=\"widget\" data-widget_type=\"text-editor.default\">\n\t\t\t\t<div class=\"elementor-widget-container\">\n\t\t\t\t\t\t\t<p><strong>Parteneri ai evenimentului:<\/strong><\/p>\n<ul>\n<li><strong>Ministerul S\u0103n\u0103ta\u021bii;<\/strong><\/li>\n<li><strong>Autoritatea Na\u021bional\u0103 de Management al Calit\u0103\u021bii \u00een S\u0103n\u0103tate (ANMCS);<\/strong><\/li>\n<li><strong>CNAS;<\/strong><\/li>\n<li><strong>Prim\u0103ria Municipiului Ia\u0219i;<\/strong><\/li>\n<li><strong>Consiliul Jude\u021bean Ia\u0219i;<\/strong><\/li>\n<li><strong>Universitatea de Medicin\u0103 \u0219i Farmacie \u201dGrigore T. Popa\u201d Ia\u0219i;<\/strong><\/li>\n<li><strong>Colegiul Medicilor Rom\u00e2nia.<\/strong><\/li>\n<\/ul>\n<p>\u00a0<\/p>\t\t\t\t\t\t<\/div>\n\t\t\t\t<\/div>\n\t\t\t\t\t<\/div>\n\t\t<\/div>\n\t\t\t\t\t<\/div>\n\t\t<\/section>\n\t\t\t\t<section class=\"elementor-section elementor-top-section elementor-element elementor-element-3d3d8e6 elementor-section-boxed elementor-section-height-default elementor-section-height-default\" data-id=\"3d3d8e6\" data-element_type=\"section\">\n\t\t\t\t\t\t<div class=\"elementor-container elementor-column-gap-default\">\n\t\t\t\t\t<div class=\"elementor-column elementor-col-100 elementor-top-column elementor-element elementor-element-99ef115\" data-id=\"99ef115\" data-element_type=\"column\">\n\t\t\t<div class=\"elementor-widget-wrap elementor-element-populated\">\n\t\t\t\t\t\t<section class=\"elementor-section elementor-inner-section elementor-element elementor-element-f697caa elementor-section-full_width ova-section-primary-background elementor-section-height-default elementor-section-height-default\" data-id=\"f697caa\" data-element_type=\"section\" data-settings=\"{&quot;background_background&quot;:&quot;classic&quot;}\">\n\t\t\t\t\t\t\t<div class=\"elementor-background-overlay\"><\/div>\n\t\t\t\t\t\t\t<div class=\"elementor-container elementor-column-gap-default\">\n\t\t\t\t\t<div class=\"elementor-column elementor-col-33 elementor-inner-column elementor-element elementor-element-13a836f\" data-id=\"13a836f\" data-element_type=\"column\">\n\t\t\t<div class=\"elementor-widget-wrap elementor-element-populated\">\n\t\t\t\t\t\t<div class=\"elementor-element elementor-element-865fe4c elementor-view-stacked elementor-position-left elementor-vertical-align-middle elementor-shape-circle elementor-mobile-position-top elementor-widget elementor-widget-icon-box\" data-id=\"865fe4c\" data-element_type=\"widget\" data-widget_type=\"icon-box.default\">\n\t\t\t\t<div class=\"elementor-widget-container\">\n\t\t\t<link rel=\"stylesheet\" href=\"https:\/\/www.webmedical.ro\/realitatialespitalelor\/wp-content\/plugins\/elementor\/assets\/css\/widget-icon-box.min.css\">\t\t<div class=\"elementor-icon-box-wrapper\">\n\n\t\t\t\t\t\t<div class=\"elementor-icon-box-icon\">\n\t\t\t\t<span  class=\"elementor-icon elementor-animation-\">\n\t\t\t\t<i aria-hidden=\"true\" class=\"ovaicon ovaicon-email\"><\/i>\t\t\t\t<\/span>\n\t\t\t<\/div>\n\t\t\t\n\t\t\t\t\t\t<div class=\"elementor-icon-box-content\">\n\n\t\t\t\t\t\t\t\t\t<h3 class=\"elementor-icon-box-title\">\n\t\t\t\t\t\t<span  >\n\t\t\t\t\t\t\tSolicit\u0103 asisten\u021b\u0103\t\t\t\t\t\t<\/span>\n\t\t\t\t\t<\/h3>\n\t\t\t\t\n\t\t\t\t\t\t\t\t\t<p class=\"elementor-icon-box-description\">\n\t\t\t\t\t\tSCRIE-NE PE <strong>OFFICE@HIGHLIFE-EVENTS.RO<\/strong>\t\t\t\t\t<\/p>\n\t\t\t\t\n\t\t\t<\/div>\n\t\t\t\n\t\t<\/div>\n\t\t\t\t<\/div>\n\t\t\t\t<\/div>\n\t\t\t\t\t<\/div>\n\t\t<\/div>\n\t\t\t\t<div class=\"elementor-column elementor-col-33 elementor-inner-column elementor-element elementor-element-4c80adb\" data-id=\"4c80adb\" data-element_type=\"column\">\n\t\t\t<div class=\"elementor-widget-wrap elementor-element-populated\">\n\t\t\t\t\t\t<div class=\"elementor-element elementor-element-ad26e4c elementor-mobile-align-center elementor-align-center elementor-widget elementor-widget-button\" data-id=\"ad26e4c\" data-element_type=\"widget\" data-widget_type=\"button.default\">\n\t\t\t\t<div class=\"elementor-widget-container\">\n\t\t\t\t\t<div class=\"elementor-button-wrapper\">\n\t\t\t<a class=\"elementor-button elementor-button-link elementor-size-lg\" href=\"https:\/\/www.webmedical.ro\/realitatialespitalelor\/taxe\/\">\n\t\t\t\t\t\t<span class=\"elementor-button-content-wrapper\">\n\t\t\t\t\t\t\t\t\t<span class=\"elementor-button-text\">TAXE DE PARTICIPARE<\/span>\n\t\t\t\t\t<\/span>\n\t\t\t\t\t<\/a>\n\t\t<\/div>\n\t\t\t\t<\/div>\n\t\t\t\t<\/div>\n\t\t\t\t\t<\/div>\n\t\t<\/div>\n\t\t\t\t<div class=\"elementor-column elementor-col-33 elementor-inner-column elementor-element elementor-element-0eb2b9d\" data-id=\"0eb2b9d\" data-element_type=\"column\">\n\t\t\t<div class=\"elementor-widget-wrap elementor-element-populated\">\n\t\t\t\t\t\t<div class=\"elementor-element elementor-element-1241a56 elementor-mobile-align-center elementor-align-center elementor-widget elementor-widget-button\" data-id=\"1241a56\" data-element_type=\"widget\" data-widget_type=\"button.default\">\n\t\t\t\t<div class=\"elementor-widget-container\">\n\t\t\t\t\t<div class=\"elementor-button-wrapper\">\n\t\t\t<a class=\"elementor-button elementor-button-link elementor-size-lg\" href=\"https:\/\/www.webmedical.ro\/realitatialespitalelor\/program\/\">\n\t\t\t\t\t\t<span class=\"elementor-button-content-wrapper\">\n\t\t\t\t\t\t\t\t\t<span class=\"elementor-button-text\">PROGRAM CONFERIN\u021a\u0102<\/span>\n\t\t\t\t\t<\/span>\n\t\t\t\t\t<\/a>\n\t\t<\/div>\n\t\t\t\t<\/div>\n\t\t\t\t<\/div>\n\t\t\t\t\t<\/div>\n\t\t<\/div>\n\t\t\t\t\t<\/div>\n\t\t<\/section>\n\t\t\t\t\t<\/div>\n\t\t<\/div>\n\t\t\t\t\t<\/div>\n\t\t<\/section>\n\t\t<div class=\"elementor-element elementor-element-3c643dd e-flex e-con-boxed e-con e-parent\" data-id=\"3c643dd\" data-element_type=\"container\" data-settings=\"{&quot;background_background&quot;:&quot;classic&quot;}\">\n\t\t\t\t\t<div class=\"e-con-inner\">\n\t\t\t\t<div class=\"elementor-element elementor-element-d0cf5b0 elementor-widget elementor-widget-heading\" data-id=\"d0cf5b0\" data-element_type=\"widget\" data-widget_type=\"heading.default\">\n\t\t\t\t<div class=\"elementor-widget-container\">\n\t\t\t<h2 class=\"elementor-heading-title elementor-size-default\">TIMP R\u0102MAS P\u00c2N\u0102 LA EVENIMENT<\/h2>\t\t<\/div>\n\t\t\t\t<\/div>\n\t\t\t\t<div class=\"elementor-element elementor-element-0f629dc elementor-widget elementor-widget-gimont_elementor_countdown\" data-id=\"0f629dc\" data-element_type=\"widget\" data-widget_type=\"gimont_elementor_countdown.default\">\n\t\t\t\t<div class=\"elementor-widget-container\">\n\t\t\t\t\t<div class=\"ova-countdown\" data-date=\"{&quot;year&quot;:&quot;2026&quot;,&quot;month&quot;:&quot;5&quot;,&quot;day&quot;:&quot;6&quot;,&quot;hours&quot;:&quot;20&quot;,&quot;minutes&quot;:0,&quot;timezone&quot;:&quot;0&quot;,&quot;langUrl&quot;:&quot;https:\\\/\\\/www.webmedical.ro\\\/realitatialespitalelor\\\/wp-content\\\/themes\\\/gimont\\\/assets\\\/libs\\\/countdown\\\/jquery.countdown&quot;,&quot;lang&quot;:&quot;ro&quot;,&quot;format&quot;:&quot;DHMS&quot;}\"><\/div>\n\t\t\t\t<\/div>\n\t\t\t\t<\/div>\n\t\t\t\t\t<\/div>\n\t\t\t\t<\/div>\n\t\t\t\t<\/div>\n\t\t","protected":false},"excerpt":{"rendered":"<p>PARTENERI Conferin\u021ba Na\u021bional\u0103 &#8222;REALIT\u0102\u021aI ALE SPITALELOR DIN ROM\u00c2NIA \u00ceN ANUL 2026&#8221;, A II-A EDI\u021aIE Parteneri ai evenimentului: Ministerul S\u0103n\u0103ta\u021bii; Autoritatea Na\u021bional\u0103 de Management al Calit\u0103\u021bii \u00een S\u0103n\u0103tate (ANMCS); CNAS; Prim\u0103ria Municipiului Ia\u0219i; Consiliul Jude\u021bean Ia\u0219i; Universitatea de Medicin\u0103 \u0219i Farmacie \u201dGrigore T. Popa\u201d Ia\u0219i; Colegiul Medicilor Rom\u00e2nia. \u00a0 Solicit\u0103 asisten\u021b\u0103 SCRIE-NE PE OFFICE@HIGHLIFE-EVENTS.RO TAXE DE [&hellip;]<\/p>\n","protected":false},"author":1,"featured_media":0,"parent":0,"menu_order":0,"comment_status":"closed","ping_status":"closed","template":"elementor_header_footer","meta":{"footnotes":""},"class_list":["post-1361","page","type-page","status-publish","hentry"],"_links":{"self":[{"href":"https:\/\/www.webmedical.ro\/realitatialespitalelor\/wp-json\/wp\/v2\/pages\/1361","targetHints":{"allow":["GET"]}}],"collection":[{"href":"https:\/\/www.webmedical.ro\/realitatialespitalelor\/wp-json\/wp\/v2\/pages"}],"about":[{"href":"https:\/\/www.webmedical.ro\/realitatialespitalelor\/wp-json\/wp\/v2\/types\/page"}],"author":[{"embeddable":true,"href":"https:\/\/www.webmedical.ro\/realitatialespitalelor\/wp-json\/wp\/v2\/users\/1"}],"replies":[{"embeddable":true,"href":"https:\/\/www.webmedical.ro\/realitatialespitalelor\/wp-json\/wp\/v2\/comments?post=1361"}],"version-history":[{"count":55,"href":"https:\/\/www.webmedical.ro\/realitatialespitalelor\/wp-json\/wp\/v2\/pages\/1361\/revisions"}],"predecessor-version":[{"id":20020,"href":"https:\/\/www.webmedical.ro\/realitatialespitalelor\/wp-json\/wp\/v2\/pages\/1361\/revisions\/20020"}],"wp:attachment":[{"href":"https:\/\/www.webmedical.ro\/realitatialespitalelor\/wp-json\/wp\/v2\/media?parent=1361"}],"curies":[{"name":"wp","href":"https:\/\/api.w.org\/{rel}","templated":true}]}}