{"id":15572,"date":"2023-11-10T07:58:43","date_gmt":"2023-11-10T07:58:43","guid":{"rendered":"https:\/\/webmedical.ro\/conferintacfr2\/?page_id=15572"},"modified":"2026-01-22T10:57:22","modified_gmt":"2026-01-22T10:57:22","slug":"cursuri","status":"publish","type":"page","link":"https:\/\/www.webmedical.ro\/realitatialespitalelor\/cursuri\/","title":{"rendered":"Cursuri"},"content":{"rendered":"\t\t<div data-elementor-type=\"wp-page\" data-elementor-id=\"15572\" class=\"elementor elementor-15572\">\n\t\t\t\t\t\t<section class=\"elementor-section elementor-top-section elementor-element elementor-element-7be77f6 elementor-section-boxed elementor-section-height-default elementor-section-height-default\" data-id=\"7be77f6\" data-element_type=\"section\" data-settings=\"{&quot;background_background&quot;:&quot;classic&quot;}\">\n\t\t\t\t\t\t<div class=\"elementor-container elementor-column-gap-default\">\n\t\t\t\t\t<div class=\"elementor-column elementor-col-100 elementor-top-column elementor-element elementor-element-708a04e\" data-id=\"708a04e\" data-element_type=\"column\">\n\t\t\t<div class=\"elementor-widget-wrap elementor-element-populated\">\n\t\t\t\t\t\t<div class=\"elementor-element elementor-element-10915e3 elementor-widget elementor-widget-heading\" data-id=\"10915e3\" data-element_type=\"widget\" data-widget_type=\"heading.default\">\n\t\t\t\t<div class=\"elementor-widget-container\">\n\t\t\t<style>\/*! elementor - v3.23.0 - 15-07-2024 *\/\n.elementor-heading-title{padding:0;margin:0;line-height:1}.elementor-widget-heading .elementor-heading-title[class*=elementor-size-]>a{color:inherit;font-size:inherit;line-height:inherit}.elementor-widget-heading .elementor-heading-title.elementor-size-small{font-size:15px}.elementor-widget-heading .elementor-heading-title.elementor-size-medium{font-size:19px}.elementor-widget-heading .elementor-heading-title.elementor-size-large{font-size:29px}.elementor-widget-heading .elementor-heading-title.elementor-size-xl{font-size:39px}.elementor-widget-heading .elementor-heading-title.elementor-size-xxl{font-size:59px}<\/style><h2 class=\"elementor-heading-title elementor-size-default\">SPONSORI<\/h2>\t\t<\/div>\n\t\t\t\t<\/div>\n\t\t\t\t<div class=\"elementor-element elementor-element-235adc8 elementor-widget elementor-widget-text-editor\" data-id=\"235adc8\" data-element_type=\"widget\" data-widget_type=\"text-editor.default\">\n\t\t\t\t<div class=\"elementor-widget-container\">\n\t\t\t<style>\/*! elementor - v3.23.0 - 15-07-2024 *\/\n.elementor-widget-text-editor.elementor-drop-cap-view-stacked .elementor-drop-cap{background-color:#69727d;color:#fff}.elementor-widget-text-editor.elementor-drop-cap-view-framed .elementor-drop-cap{color:#69727d;border:3px solid;background-color:transparent}.elementor-widget-text-editor:not(.elementor-drop-cap-view-default) .elementor-drop-cap{margin-top:8px}.elementor-widget-text-editor:not(.elementor-drop-cap-view-default) .elementor-drop-cap-letter{width:1em;height:1em}.elementor-widget-text-editor .elementor-drop-cap{float:left;text-align:center;line-height:1;font-size:50px}.elementor-widget-text-editor .elementor-drop-cap-letter{display:inline-block}<\/style>\t\t\t\t<p>Conferin\u021ba Na\u021bional\u0103 &#8222;REALIT\u0102\u021aI ALE SPITALELOR DIN ROM\u00c2NIA \u00ceN ANUL 2026&#8221;, A II-A EDI\u021aIE<\/p>\t\t\t\t\t\t<\/div>\n\t\t\t\t<\/div>\n\t\t\t\t\t<\/div>\n\t\t<\/div>\n\t\t\t\t\t<\/div>\n\t\t<\/section>\n\t\t\t\t<section class=\"elementor-section elementor-top-section elementor-element elementor-element-0af93b6 elementor-section-boxed elementor-section-height-default elementor-section-height-default\" data-id=\"0af93b6\" data-element_type=\"section\">\n\t\t\t\t\t\t<div class=\"elementor-container elementor-column-gap-default\">\n\t\t\t\t\t<div class=\"elementor-column elementor-col-100 elementor-top-column elementor-element elementor-element-f9a125d\" data-id=\"f9a125d\" data-element_type=\"column\">\n\t\t\t<div class=\"elementor-widget-wrap elementor-element-populated\">\n\t\t\t\t\t\t<div class=\"elementor-element elementor-element-2783a7a elementor-widget elementor-widget-text-editor\" data-id=\"2783a7a\" data-element_type=\"widget\" data-widget_type=\"text-editor.default\">\n\t\t\t\t<div class=\"elementor-widget-container\">\n\t\t\t\t\t\t\t<h3><strong>Beneficiile parteneriatului<\/strong><strong>\u00a0<\/strong><\/h3>\n<ul>\n<li><strong>Vizibilitate \u0219i promovare<\/strong><\/li>\n<\/ul>\n<p>Acces la un public \u021bint\u0103: Participarea la un eveniment de amploare \u00een domeniul s\u0103n\u0103t\u0103\u021bii ofer\u0103 oportunitatea de a v\u0103 adresa \u00een mod direct profesioni\u0219tilor din sistemul medical, autorit\u0103\u021bilor guvernamentale, dar \u0219i poten\u021bialilor clien\u021bi \u0219i parteneri din industrie.<\/p>\n<ul>\n<li><strong>Branding \u0219i recunoa\u0219tere<\/strong><\/li>\n<\/ul>\n<p>Logo-ul \u0219i numele sponsorilor vor fi plasate pe materiale de promovare, pe site-ul evenimentului, pe bannere, evenimente \u0219i grupuri de networking, c\u00eet \u0219i pe alte canale de comunicare, oferind vizibilitate pe termen lung.<\/p>\n<ul>\n<li><strong>Networking \u0219i Parteneriate<\/strong><\/li>\n<\/ul>\n<p>Parteneriatul propus va sus\u021bine construirea de rela\u021bii cu factori de decizie din spitale, ministere de resort \u0219i institu\u021bii de reglementare, ceea ce poate duce la posibile colabor\u0103ri \u0219i parteneriate pe termen lung.<\/p>\n<ul>\n<li><strong>Acces direct la lideri din industrie<\/strong><\/li>\n<\/ul>\n<p>Interac\u021biunea direct\u0103 cu lideri din domeniul s\u0103n\u0103t\u0103\u021bii, autorit\u0103\u021bi din domeniul s\u0103n\u0103t\u0103\u021bii publice \u0219i al\u021bi factori importan\u021bi.<\/p>\n<ul>\n<li><strong>Posibilitatea de a educa \u0219i informa publicul prin prezen\u021ba \u00een zona expozi\u021bional\u0103 \u0219i prin intermediul simpozioanelor de firm\u0103<\/strong><\/li>\n<\/ul>\n<p>Prezentarea produselor \u0219i serviciilor at\u00e2t prin intermediul standului expozi\u021bional, a contactului direct cu participan\u021bii, c\u00e2t \u0219i prin intermediul simpozioanelor de firm\u0103.<\/p>\n<ul>\n<li><strong>Recunoa\u0219terea \u00een calitate de lider de opinie<\/strong><\/li>\n<\/ul>\n<p>Asocierea cu un eveniment de prestigiu va pozi\u021biona compania asemenea unui lider de opinie \u00een domeniu, demonstr\u00e2nd implicare \u0219i responsabilitate social\u0103 fa\u021b\u0103 de s\u0103n\u0103tatea public\u0103 \u0219i dezvoltarea sistemului medical.<\/p>\n<ul>\n<li><strong>Responsabilitate social\u0103<\/strong><\/li>\n<\/ul>\n<p>Implicarea \u00een categoria acestor evenimente va \u00eent\u0103ri angajamentul companiei fa\u021b\u0103 de responsabilitatea social\u0103, ceea ce poate atrage mai mul\u021bi clien\u021bi care apreciaz\u0103 astfel de ac\u021biuni.<\/p>\n<ul>\n<li><strong>Accesul la informa\u021biile \u0219i tendin\u021bele ariei medicale \u0219i manageriale<\/strong><\/li>\n<\/ul>\n<ul>\n<li><strong>Inova\u021bie \u0219i dezvoltare continu\u0103<\/strong><\/li>\n<\/ul>\n<p>Participarea la conferin\u021be de asemenea amploare va oferi acces la cele mai noi tendin\u021be, solu\u021bii tehnologice \u0219i reglement\u0103ri din domeniul sanitar, oferind un avantaj competitiv.<\/p>\n<p>\u00a0<\/p>\t\t\t\t\t\t<\/div>\n\t\t\t\t<\/div>\n\t\t\t\t\t<\/div>\n\t\t<\/div>\n\t\t\t\t\t<\/div>\n\t\t<\/section>\n\t\t\t\t<section class=\"elementor-section elementor-top-section elementor-element elementor-element-d270936 elementor-section-boxed elementor-section-height-default elementor-section-height-default\" data-id=\"d270936\" data-element_type=\"section\">\n\t\t\t\t\t\t<div class=\"elementor-container elementor-column-gap-default\">\n\t\t\t\t\t<div class=\"elementor-column elementor-col-100 elementor-top-column elementor-element elementor-element-a55b379\" data-id=\"a55b379\" data-element_type=\"column\">\n\t\t\t<div class=\"elementor-widget-wrap elementor-element-populated\">\n\t\t\t\t\t\t<section class=\"elementor-section elementor-inner-section elementor-element elementor-element-54f8644 elementor-section-full_width ova-section-primary-background elementor-section-height-default elementor-section-height-default\" data-id=\"54f8644\" data-element_type=\"section\" data-settings=\"{&quot;background_background&quot;:&quot;classic&quot;}\">\n\t\t\t\t\t\t\t<div class=\"elementor-background-overlay\"><\/div>\n\t\t\t\t\t\t\t<div class=\"elementor-container elementor-column-gap-default\">\n\t\t\t\t\t<div class=\"elementor-column elementor-col-33 elementor-inner-column elementor-element elementor-element-2fe63fb\" data-id=\"2fe63fb\" data-element_type=\"column\">\n\t\t\t<div class=\"elementor-widget-wrap elementor-element-populated\">\n\t\t\t\t\t\t<div class=\"elementor-element elementor-element-92c091d elementor-view-stacked elementor-position-left elementor-vertical-align-middle elementor-shape-circle elementor-mobile-position-top elementor-widget elementor-widget-icon-box\" data-id=\"92c091d\" data-element_type=\"widget\" data-widget_type=\"icon-box.default\">\n\t\t\t\t<div class=\"elementor-widget-container\">\n\t\t\t<link rel=\"stylesheet\" href=\"https:\/\/www.webmedical.ro\/realitatialespitalelor\/wp-content\/plugins\/elementor\/assets\/css\/widget-icon-box.min.css\">\t\t<div class=\"elementor-icon-box-wrapper\">\n\n\t\t\t\t\t\t<div class=\"elementor-icon-box-icon\">\n\t\t\t\t<span  class=\"elementor-icon elementor-animation-\">\n\t\t\t\t<i aria-hidden=\"true\" class=\"ovaicon ovaicon-email\"><\/i>\t\t\t\t<\/span>\n\t\t\t<\/div>\n\t\t\t\n\t\t\t\t\t\t<div class=\"elementor-icon-box-content\">\n\n\t\t\t\t\t\t\t\t\t<h3 class=\"elementor-icon-box-title\">\n\t\t\t\t\t\t<span  >\n\t\t\t\t\t\t\tSolicit\u0103 asisten\u021b\u0103\t\t\t\t\t\t<\/span>\n\t\t\t\t\t<\/h3>\n\t\t\t\t\n\t\t\t\t\t\t\t\t\t<p class=\"elementor-icon-box-description\">\n\t\t\t\t\t\tSCRIE-NE PE <strong>OFFICE@HIGHLIFE-EVENTS.RO<\/strong>\t\t\t\t\t<\/p>\n\t\t\t\t\n\t\t\t<\/div>\n\t\t\t\n\t\t<\/div>\n\t\t\t\t<\/div>\n\t\t\t\t<\/div>\n\t\t\t\t\t<\/div>\n\t\t<\/div>\n\t\t\t\t<div class=\"elementor-column elementor-col-33 elementor-inner-column elementor-element elementor-element-57c737d\" data-id=\"57c737d\" data-element_type=\"column\">\n\t\t\t<div class=\"elementor-widget-wrap elementor-element-populated\">\n\t\t\t\t\t\t<div class=\"elementor-element elementor-element-ad62f6d elementor-mobile-align-center elementor-align-center elementor-widget elementor-widget-button\" data-id=\"ad62f6d\" data-element_type=\"widget\" data-widget_type=\"button.default\">\n\t\t\t\t<div class=\"elementor-widget-container\">\n\t\t\t\t\t<div class=\"elementor-button-wrapper\">\n\t\t\t<a class=\"elementor-button elementor-button-link elementor-size-lg\" href=\"https:\/\/www.webmedical.ro\/realitatialespitalelor\/taxe\/\">\n\t\t\t\t\t\t<span class=\"elementor-button-content-wrapper\">\n\t\t\t\t\t\t\t\t\t<span class=\"elementor-button-text\">TAXE DE PARTICIPARE<\/span>\n\t\t\t\t\t<\/span>\n\t\t\t\t\t<\/a>\n\t\t<\/div>\n\t\t\t\t<\/div>\n\t\t\t\t<\/div>\n\t\t\t\t\t<\/div>\n\t\t<\/div>\n\t\t\t\t<div class=\"elementor-column elementor-col-33 elementor-inner-column elementor-element elementor-element-9ece48c\" data-id=\"9ece48c\" data-element_type=\"column\">\n\t\t\t<div class=\"elementor-widget-wrap elementor-element-populated\">\n\t\t\t\t\t\t<div class=\"elementor-element elementor-element-0e1dd27 elementor-mobile-align-center elementor-align-center elementor-widget elementor-widget-button\" data-id=\"0e1dd27\" data-element_type=\"widget\" data-widget_type=\"button.default\">\n\t\t\t\t<div class=\"elementor-widget-container\">\n\t\t\t\t\t<div class=\"elementor-button-wrapper\">\n\t\t\t<a class=\"elementor-button elementor-button-link elementor-size-lg\" href=\"https:\/\/www.webmedical.ro\/realitatialespitalelor\/program\/\">\n\t\t\t\t\t\t<span class=\"elementor-button-content-wrapper\">\n\t\t\t\t\t\t\t\t\t<span class=\"elementor-button-text\">PROGRAM CONFERIN\u021a\u0102<\/span>\n\t\t\t\t\t<\/span>\n\t\t\t\t\t<\/a>\n\t\t<\/div>\n\t\t\t\t<\/div>\n\t\t\t\t<\/div>\n\t\t\t\t\t<\/div>\n\t\t<\/div>\n\t\t\t\t\t<\/div>\n\t\t<\/section>\n\t\t\t\t\t<\/div>\n\t\t<\/div>\n\t\t\t\t\t<\/div>\n\t\t<\/section>\n\t\t<div class=\"elementor-element elementor-element-e3aff89 e-flex e-con-boxed e-con e-parent\" data-id=\"e3aff89\" data-element_type=\"container\" data-settings=\"{&quot;background_background&quot;:&quot;classic&quot;}\">\n\t\t\t\t\t<div class=\"e-con-inner\">\n\t\t\t\t<div class=\"elementor-element elementor-element-9a7fd04 elementor-widget elementor-widget-heading\" data-id=\"9a7fd04\" data-element_type=\"widget\" data-widget_type=\"heading.default\">\n\t\t\t\t<div class=\"elementor-widget-container\">\n\t\t\t<h2 class=\"elementor-heading-title elementor-size-default\">TIMP R\u0102MAS P\u00c2N\u0102 LA EVENIMENT<\/h2>\t\t<\/div>\n\t\t\t\t<\/div>\n\t\t\t\t<div class=\"elementor-element elementor-element-668f343 elementor-widget elementor-widget-gimont_elementor_countdown\" data-id=\"668f343\" data-element_type=\"widget\" data-widget_type=\"gimont_elementor_countdown.default\">\n\t\t\t\t<div class=\"elementor-widget-container\">\n\t\t\t\t\t<div class=\"ova-countdown\" data-date=\"{&quot;year&quot;:&quot;2026&quot;,&quot;month&quot;:&quot;5&quot;,&quot;day&quot;:&quot;6&quot;,&quot;hours&quot;:&quot;20&quot;,&quot;minutes&quot;:0,&quot;timezone&quot;:&quot;0&quot;,&quot;langUrl&quot;:&quot;https:\\\/\\\/www.webmedical.ro\\\/realitatialespitalelor\\\/wp-content\\\/themes\\\/gimont\\\/assets\\\/libs\\\/countdown\\\/jquery.countdown&quot;,&quot;lang&quot;:&quot;ro&quot;,&quot;format&quot;:&quot;DHMS&quot;}\"><\/div>\n\t\t\t\t<\/div>\n\t\t\t\t<\/div>\n\t\t\t\t\t<\/div>\n\t\t\t\t<\/div>\n\t\t\t\t<\/div>\n\t\t","protected":false},"excerpt":{"rendered":"<p>SPONSORI Conferin\u021ba Na\u021bional\u0103 &#8222;REALIT\u0102\u021aI ALE SPITALELOR DIN ROM\u00c2NIA \u00ceN ANUL 2026&#8221;, A II-A EDI\u021aIE Beneficiile parteneriatului\u00a0 Vizibilitate \u0219i promovare Acces la un public \u021bint\u0103: Participarea la un eveniment de amploare \u00een domeniul s\u0103n\u0103t\u0103\u021bii ofer\u0103 oportunitatea de a v\u0103 adresa \u00een mod direct profesioni\u0219tilor din sistemul medical, autorit\u0103\u021bilor guvernamentale, dar \u0219i poten\u021bialilor clien\u021bi \u0219i parteneri din [&hellip;]<\/p>\n","protected":false},"author":1,"featured_media":0,"parent":0,"menu_order":0,"comment_status":"closed","ping_status":"closed","template":"elementor_header_footer","meta":{"footnotes":""},"class_list":["post-15572","page","type-page","status-publish","hentry"],"_links":{"self":[{"href":"https:\/\/www.webmedical.ro\/realitatialespitalelor\/wp-json\/wp\/v2\/pages\/15572","targetHints":{"allow":["GET"]}}],"collection":[{"href":"https:\/\/www.webmedical.ro\/realitatialespitalelor\/wp-json\/wp\/v2\/pages"}],"about":[{"href":"https:\/\/www.webmedical.ro\/realitatialespitalelor\/wp-json\/wp\/v2\/types\/page"}],"author":[{"embeddable":true,"href":"https:\/\/www.webmedical.ro\/realitatialespitalelor\/wp-json\/wp\/v2\/users\/1"}],"replies":[{"embeddable":true,"href":"https:\/\/www.webmedical.ro\/realitatialespitalelor\/wp-json\/wp\/v2\/comments?post=15572"}],"version-history":[{"count":56,"href":"https:\/\/www.webmedical.ro\/realitatialespitalelor\/wp-json\/wp\/v2\/pages\/15572\/revisions"}],"predecessor-version":[{"id":20078,"href":"https:\/\/www.webmedical.ro\/realitatialespitalelor\/wp-json\/wp\/v2\/pages\/15572\/revisions\/20078"}],"wp:attachment":[{"href":"https:\/\/www.webmedical.ro\/realitatialespitalelor\/wp-json\/wp\/v2\/media?parent=15572"}],"curies":[{"name":"wp","href":"https:\/\/api.w.org\/{rel}","templated":true}]}}