{"id":20021,"date":"2026-01-22T03:17:35","date_gmt":"2026-01-22T03:17:35","guid":{"rendered":"https:\/\/www.webmedical.ro\/realitatialespitalelor\/?page_id=20021"},"modified":"2026-01-22T11:23:27","modified_gmt":"2026-01-22T11:23:27","slug":"inregistrare","status":"publish","type":"page","link":"https:\/\/www.webmedical.ro\/realitatialespitalelor\/inregistrare\/","title":{"rendered":"INREGISTRARE"},"content":{"rendered":"\t\t<div data-elementor-type=\"wp-page\" data-elementor-id=\"20021\" class=\"elementor elementor-20021\">\n\t\t\t\t\t\t<section class=\"elementor-section elementor-top-section elementor-element elementor-element-9bee416 elementor-section-boxed elementor-section-height-default elementor-section-height-default\" data-id=\"9bee416\" data-element_type=\"section\" data-settings=\"{&quot;background_background&quot;:&quot;classic&quot;}\">\n\t\t\t\t\t\t<div class=\"elementor-container elementor-column-gap-default\">\n\t\t\t\t\t<div class=\"elementor-column elementor-col-100 elementor-top-column elementor-element elementor-element-960b0e2\" data-id=\"960b0e2\" data-element_type=\"column\">\n\t\t\t<div class=\"elementor-widget-wrap elementor-element-populated\">\n\t\t\t\t\t\t<div class=\"elementor-element elementor-element-14339a3 elementor-widget elementor-widget-heading\" data-id=\"14339a3\" data-element_type=\"widget\" data-widget_type=\"heading.default\">\n\t\t\t\t<div class=\"elementor-widget-container\">\n\t\t\t<style>\/*! elementor - v3.23.0 - 15-07-2024 *\/\n.elementor-heading-title{padding:0;margin:0;line-height:1}.elementor-widget-heading .elementor-heading-title[class*=elementor-size-]>a{color:inherit;font-size:inherit;line-height:inherit}.elementor-widget-heading .elementor-heading-title.elementor-size-small{font-size:15px}.elementor-widget-heading .elementor-heading-title.elementor-size-medium{font-size:19px}.elementor-widget-heading .elementor-heading-title.elementor-size-large{font-size:29px}.elementor-widget-heading .elementor-heading-title.elementor-size-xl{font-size:39px}.elementor-widget-heading .elementor-heading-title.elementor-size-xxl{font-size:59px}<\/style><h2 class=\"elementor-heading-title elementor-size-default\">REZERVARE ONLINE<\/h2>\t\t<\/div>\n\t\t\t\t<\/div>\n\t\t\t\t<div class=\"elementor-element elementor-element-6eb549d elementor-widget elementor-widget-text-editor\" data-id=\"6eb549d\" data-element_type=\"widget\" data-widget_type=\"text-editor.default\">\n\t\t\t\t<div class=\"elementor-widget-container\">\n\t\t\t<style>\/*! elementor - v3.23.0 - 15-07-2024 *\/\n.elementor-widget-text-editor.elementor-drop-cap-view-stacked .elementor-drop-cap{background-color:#69727d;color:#fff}.elementor-widget-text-editor.elementor-drop-cap-view-framed .elementor-drop-cap{color:#69727d;border:3px solid;background-color:transparent}.elementor-widget-text-editor:not(.elementor-drop-cap-view-default) .elementor-drop-cap{margin-top:8px}.elementor-widget-text-editor:not(.elementor-drop-cap-view-default) .elementor-drop-cap-letter{width:1em;height:1em}.elementor-widget-text-editor .elementor-drop-cap{float:left;text-align:center;line-height:1;font-size:50px}.elementor-widget-text-editor .elementor-drop-cap-letter{display:inline-block}<\/style>\t\t\t\t<p>Conferin\u021ba Na\u021bional\u0103 &#8222;REALIT\u0102\u021aI ALE SPITALELOR DIN ROM\u00c2NIA \u00ceN ANUL 2026&#8221;, a II-a edi\u021bie.<\/p>\t\t\t\t\t\t<\/div>\n\t\t\t\t<\/div>\n\t\t\t\t\t<\/div>\n\t\t<\/div>\n\t\t\t\t\t<\/div>\n\t\t<\/section>\n\t\t<div class=\"elementor-element elementor-element-5093dba e-flex e-con-boxed e-con e-parent\" data-id=\"5093dba\" data-element_type=\"container\">\n\t\t\t\t\t<div class=\"e-con-inner\">\n\t\t\t\t<div class=\"elementor-element elementor-element-6582b98 elementor-widget elementor-widget-text-editor\" data-id=\"6582b98\" data-element_type=\"widget\" data-widget_type=\"text-editor.default\">\n\t\t\t\t<div class=\"elementor-widget-container\">\n\t\t\t\t\t\t\t    <div class=\"form-notice-banner\">\n        <div class=\"notice-icon\">\n            <svg viewBox=\"0 0 24 24\" fill=\"none\" stroke=\"currentColor\" stroke-width=\"2\">\n                <circle cx=\"12\" cy=\"12\" r=\"10\"><\/circle>\n                <line x1=\"12\" y1=\"8\" x2=\"12\" y2=\"12\"><\/line>\n                <line x1=\"12\" y1=\"16\" x2=\"12.01\" y2=\"16\"><\/line>\n            <\/svg>\n        <\/div>\n        <div class=\"notice-content\">\n            <h4 class=\"notice-title\">LOCURI LIMITATE !<\/h4>\n            <div class=\"notice-text\">\n                <p>Particip\u0103 la Conferin\u021ba na\u021bional\u0103 \u201d<strong>Realit\u0103\u021bile spitalelor din Rom\u00e2nia \u00een anul 2026<\/strong> \u201d, un eveniment de referin\u021b\u0103 dedicat profesioni\u0219tilor din s\u0103n\u0103tate ce va aduce \u00een prim-plan provoc\u0103rile ale sistemului medical rom\u00e2nesc. Punem \u00een v\u00e2nzare un <strong>num\u0103r limitat de locuri<\/strong>, cu acces la con\u021binut valoros, speakeri de top \u0219i discu\u021bii aplicate pe solu\u021bii concrete. <strong>Rezerv\u0103-\u021bi locul acum<\/strong> \u0219i fii parte din dialogul care conteaz\u0103 pentru viitorul spitalelor din Rom\u00e2nia.<\/p>\n                \n                <p style=\"margin-top: 15px; margin-bottom: 15px;\"><strong>\u00cen scurt timp revenim cu variantele \u0219i taxele de participare!<\/strong><\/p>\n\n                <div class=\"steps-container\">\n                    <div class=\"step-row\">\n                        <div class=\"badge-wrapper\"><span class=\"step-badge\">PASUL 1<\/span><\/div>\n                        <span class=\"step-desc\">Rezerv\u0103 locul prin completarea formularului de mai jos.<\/span>\n                    <\/div>\n                    <div class=\"step-row\">\n                        <div class=\"badge-wrapper\"><span class=\"step-badge\">PASUL 2<\/span><\/div>\n                        <span class=\"step-desc\">Rezervarea nu implic\u0103 niciun cost.<\/span>\n                    <\/div>\n                    <div class=\"step-row\">\n                        <div class=\"badge-wrapper\"><span class=\"step-badge\">PASUL 3<\/span><\/div> \n                        <span class=\"step-desc\">Vom reveni cu date legate de program \u0219i de valorile taxelor de participare.<\/span>\n                    <\/div>\n                <\/div>\n            <\/div>\n        <\/div>\n    <\/div>\n\n<center><h4 style=\"margin-bottom:-30px\"class=\"aligncenter\">Timp r\u0103mas la dispozi\u021bie pentru rezerv\u0103ri online<\/h4><\/center>\t\t\t\t\t\t<\/div>\n\t\t\t\t<\/div>\n\t\t\t\t<div class=\"elementor-element elementor-element-dd0532f elementor-widget elementor-widget-gimont_elementor_countdown\" data-id=\"dd0532f\" data-element_type=\"widget\" data-widget_type=\"gimont_elementor_countdown.default\">\n\t\t\t\t<div class=\"elementor-widget-container\">\n\t\t\t\t\t<div class=\"ova-countdown\" data-date=\"{&quot;year&quot;:&quot;2026&quot;,&quot;month&quot;:&quot;3&quot;,&quot;day&quot;:&quot;1&quot;,&quot;hours&quot;:&quot;8&quot;,&quot;minutes&quot;:0,&quot;timezone&quot;:&quot;0&quot;,&quot;langUrl&quot;:&quot;https:\\\/\\\/www.webmedical.ro\\\/realitatialespitalelor\\\/wp-content\\\/themes\\\/gimont\\\/assets\\\/libs\\\/countdown\\\/jquery.countdown&quot;,&quot;lang&quot;:&quot;ro&quot;,&quot;format&quot;:&quot;DHMS&quot;}\"><\/div>\n\t\t\t\t<\/div>\n\t\t\t\t<\/div>\n\t\t\t\t\t<\/div>\n\t\t\t\t<\/div>\n\t\t\t\t<section class=\"elementor-section elementor-top-section elementor-element elementor-element-3edbd54d elementor-section-boxed elementor-section-height-default elementor-section-height-default\" data-id=\"3edbd54d\" data-element_type=\"section\">\n\t\t\t\t\t\t<div class=\"elementor-container elementor-column-gap-default\">\n\t\t\t\t\t<div class=\"elementor-column elementor-col-100 elementor-top-column elementor-element elementor-element-b8b3ec5\" data-id=\"b8b3ec5\" data-element_type=\"column\">\n\t\t\t<div class=\"elementor-widget-wrap elementor-element-populated\">\n\t\t\t\t\t\t<div class=\"elementor-element elementor-element-b433bbd elementor-widget elementor-widget-text-editor\" data-id=\"b433bbd\" data-element_type=\"widget\" data-widget_type=\"text-editor.default\">\n\t\t\t\t<div class=\"elementor-widget-container\">\n\t\t\t\t\t\t\t\n<div class=\"wpcf7 no-js\" id=\"wpcf7-f20025-p20021-o1\" lang=\"ro-RO\" dir=\"ltr\" data-wpcf7-id=\"20025\">\n<div class=\"screen-reader-response\"><p role=\"status\" aria-live=\"polite\" aria-atomic=\"true\"><\/p> <ul><\/ul><\/div>\n<form action=\"\/realitatialespitalelor\/inregistrare\/#wpcf7-f20025-p20021-o1\" method=\"post\" class=\"wpcf7-form init\" aria-label=\"Formular de contact\" novalidate=\"novalidate\" data-status=\"init\">\n<fieldset class=\"hidden-fields-container\"><input type=\"hidden\" name=\"_wpcf7\" value=\"20025\" \/><input type=\"hidden\" name=\"_wpcf7_version\" value=\"6.1.4\" \/><input type=\"hidden\" name=\"_wpcf7_locale\" value=\"ro_RO\" \/><input type=\"hidden\" name=\"_wpcf7_unit_tag\" value=\"wpcf7-f20025-p20021-o1\" \/><input type=\"hidden\" name=\"_wpcf7_container_post\" value=\"20021\" \/><input type=\"hidden\" name=\"_wpcf7_posted_data_hash\" value=\"\" \/>\n<\/fieldset>\n<div class=\"enterprise-form-wrapper\">\n\t<div class=\"form-full-row\">\n\t\t<div class=\"form-group radio-group-modern vertical-radios-mobile\">\n\t\t\t<p><label class=\"field-label\">Categorie profesional\u0103<\/label><br \/>\n<span class=\"wpcf7-form-control-wrap\" data-name=\"radio-315\"><span class=\"wpcf7-form-control wpcf7-radio chip-radios\"><span class=\"wpcf7-list-item first\"><input type=\"radio\" name=\"radio-315\" value=\"Medic Primar\" checked=\"checked\" \/><span class=\"wpcf7-list-item-label\">Medic Primar<\/span><\/span><span class=\"wpcf7-list-item\"><input type=\"radio\" name=\"radio-315\" value=\"Medic Specialist\" \/><span class=\"wpcf7-list-item-label\">Medic Specialist<\/span><\/span><span class=\"wpcf7-list-item\"><input type=\"radio\" name=\"radio-315\" value=\"Medic Rezident\" \/><span class=\"wpcf7-list-item-label\">Medic Rezident<\/span><\/span><span class=\"wpcf7-list-item\"><input type=\"radio\" name=\"radio-315\" value=\"Asistent medical\" \/><span class=\"wpcf7-list-item-label\">Asistent medical<\/span><\/span><span class=\"wpcf7-list-item last\"><input type=\"radio\" name=\"radio-315\" value=\"Pensionar\" \/><span class=\"wpcf7-list-item-label\">Pensionar<\/span><\/span><\/span><\/span>\n\t\t\t<\/p>\n\t\t<\/div>\n\t<\/div>\n\t<div class=\"form-grid\">\n\t\t<div class=\"form-column\">\n\t\t\t<div class=\"form-group\">\n\t\t\t\t<p><label class=\"field-label\">Prenume<\/label><br \/>\n<span class=\"wpcf7-form-control-wrap\" data-name=\"prenume\"><input size=\"40\" maxlength=\"400\" class=\"wpcf7-form-control wpcf7-text wpcf7-validates-as-required\" aria-required=\"true\" aria-invalid=\"false\" placeholder=\"ex. Andrei\" value=\"\" type=\"text\" name=\"prenume\" \/><\/span>\n\t\t\t\t<\/p>\n\t\t\t<\/div>\n\t\t\t<div class=\"form-group\">\n\t\t\t\t<p><label class=\"field-label\">Nume de familie<\/label><br \/>\n<span class=\"wpcf7-form-control-wrap\" data-name=\"nume\"><input size=\"40\" maxlength=\"400\" class=\"wpcf7-form-control wpcf7-text wpcf7-validates-as-required\" aria-required=\"true\" aria-invalid=\"false\" placeholder=\"ex. Iftode\" value=\"\" type=\"text\" name=\"nume\" \/><\/span>\n\t\t\t\t<\/p>\n\t\t\t<\/div>\n\t\t\t<div class=\"form-group\">\n\t\t\t\t<p><label class=\"field-label\">Specializare medical\u0103<\/label><br \/>\n<span class=\"wpcf7-form-control-wrap\" data-name=\"specializare\"><input size=\"40\" maxlength=\"400\" class=\"wpcf7-form-control wpcf7-text wpcf7-validates-as-required\" aria-required=\"true\" aria-invalid=\"false\" placeholder=\"ex. Pneumologie\" value=\"\" type=\"text\" name=\"specializare\" \/><\/span>\n\t\t\t\t<\/p>\n\t\t\t<\/div>\n\t\t\t<div class=\"form-group\">\n\t\t\t\t<p><label class=\"field-label\">Afiliere (Locul de munc\u0103)<\/label><br \/>\n<span class=\"wpcf7-form-control-wrap\" data-name=\"afiliere\"><input size=\"40\" maxlength=\"400\" class=\"wpcf7-form-control wpcf7-text wpcf7-validates-as-required\" aria-required=\"true\" aria-invalid=\"false\" placeholder=\"Spital \/ Clinic\u0103 \/ Institu\u021bie\" value=\"\" type=\"text\" name=\"afiliere\" \/><\/span>\n\t\t\t\t<\/p>\n\t\t\t<\/div>\n\t\t<\/div>\n\t\t<div class=\"form-column\">\n\t\t\t<div class=\"form-group\">\n\t\t\t\t<p><label class=\"field-label\">Ora\u0219 &#038; Jude\u021b<\/label><br \/>\n<span class=\"wpcf7-form-control-wrap\" data-name=\"oras\"><input size=\"40\" maxlength=\"400\" class=\"wpcf7-form-control wpcf7-text wpcf7-validates-as-required\" aria-required=\"true\" aria-invalid=\"false\" placeholder=\"Ia\u0219i, Rom\u00e2nia\" value=\"\" type=\"text\" name=\"oras\" \/><\/span>\n\t\t\t\t<\/p>\n\t\t\t<\/div>\n\t\t\t<div class=\"form-group\">\n\t\t\t\t<p><label class=\"field-label\">Num\u0103r telefon<\/label><br \/>\n<span class=\"wpcf7-form-control-wrap\" data-name=\"telefon\"><input size=\"40\" maxlength=\"400\" class=\"wpcf7-form-control wpcf7-text wpcf7-validates-as-required\" aria-required=\"true\" aria-invalid=\"false\" placeholder=\"07xx xxx xxx\" value=\"\" type=\"text\" name=\"telefon\" \/><\/span>\n\t\t\t\t<\/p>\n\t\t\t<\/div>\n\t\t\t<div class=\"form-group\">\n\t\t\t\t<p><label class=\"field-label\">Adres\u0103 de email<\/label><br \/>\n<span class=\"wpcf7-form-control-wrap\" data-name=\"your-email\"><input size=\"40\" maxlength=\"400\" class=\"wpcf7-form-control wpcf7-email wpcf7-validates-as-required wpcf7-text wpcf7-validates-as-email\" aria-required=\"true\" aria-invalid=\"false\" placeholder=\"exemplu@email.com\" value=\"\" type=\"email\" name=\"your-email\" \/><\/span>\n\t\t\t\t<\/p>\n\t\t\t<\/div>\n\t\t<\/div>\n\t<\/div>\n\t<div class=\"legal-section-wrapper\">\n\t\t<div class=\"legal-row\">\n\t\t\t<div class=\"checkbox-container\">\n\t\t\t\t<p><span class=\"wpcf7-form-control-wrap\" data-name=\"acceptance-467\"><span class=\"wpcf7-form-control wpcf7-acceptance\"><span class=\"wpcf7-list-item\"><input type=\"checkbox\" name=\"acceptance-467\" value=\"1\" aria-invalid=\"false\" \/><\/span><\/span><\/span>\n\t\t\t\t<\/p>\n\t\t\t<\/div>\n\t\t\t<div class=\"text-container\">\n\t\t\t\t<p>Accept <a href=\"https:\/\/www.webmedical.ro\/realitatialespitalelor\/termeni\/\" target=\"_blank\">termenii \u0219i condi\u021biile<\/a> de participare la Conferin\u021ba Na\u021bional\u0103 &#8222;REALIT\u0102\u021aI ALE SPITALELOR DIN ROM\u00c2NIA \u00ceN ANUL 2026&#8221;.\n\t\t\t\t<\/p>\n\t\t\t<\/div>\n\t\t<\/div>\n\t\t<div class=\"legal-row\">\n\t\t\t<div class=\"checkbox-container\">\n\t\t\t\t<p><span class=\"wpcf7-form-control-wrap\" data-name=\"acceptance-468\"><span class=\"wpcf7-form-control wpcf7-acceptance\"><span class=\"wpcf7-list-item\"><input type=\"checkbox\" name=\"acceptance-468\" value=\"1\" aria-invalid=\"false\" \/><\/span><\/span><\/span>\n\t\t\t\t<\/p>\n\t\t\t<\/div>\n\t\t\t<div class=\"text-container\">\n\t\t\t\t<p>Sunt de acord cu politica de confiden\u021bialitate \u0219i procesare a datelor cu caracter personal (GDPR 190\/2018).\n\t\t\t\t<\/p>\n\t\t\t<\/div>\n\t\t<\/div>\n\t<\/div>\n\t<div class=\"submit-wrapper\">\n\t\t<p><input class=\"wpcf7-form-control wpcf7-submit has-spinner\" type=\"submit\" value=\"TRIMITE FORMULAR \u00ceNSCRIERE\" \/>\n\t\t<\/p>\n\t<\/div>\n<\/div>\n<style>\n\/* --- Enterprise Form Design - UPDATED --- *\/\n\n\/* 1. Container General *\/\n.enterprise-form-wrapper {\n font-family: -apple-system, BlinkMacSystemFont, \"Segoe UI\", Roboto, \"Helvetica Neue\", Arial, sans-serif;\n background: #ffffff;\n border-radius: 12px; \n box-shadow: 0 10px 15px -3px rgba(0, 0, 0, 0.1), 0 4px 6px -2px rgba(0, 0, 0, 0.05);\n border: 1px solid #e2e8f0;\n \n max-width: 100%;\n margin: 30px auto; \n padding: 40px; \n box-sizing: border-box;\n color: #1e293b;\n}\n\n@media (max-width: 768px) {\n .enterprise-form-wrapper {\n padding: 20px;\n }\n}\n\n\/* 2. Banner Notificare *\/\n.form-notice-banner {\n display: flex;\n align-items: flex-start;\n background-color: #fffbeb;\n border: 1px solid #fcd34d;\n border-left: 5px solid #d97706;\n padding: 20px;\n border-radius: 8px;\n margin-bottom: 30px; \n}\n\n.notice-icon svg {\n width: 24px;\n height: 24px;\n color: #d97706;\n margin-right: 15px;\n flex-shrink: 0;\n margin-top: 4px;\n}\n\n.notice-content {\n flex: 1;\n}\n\n.notice-title {\n margin: 0 0 10px 0;\n font-size: 1.1rem;\n color: #92400e;\n font-weight: 800;\n text-transform: uppercase;\n}\n\n.notice-text p {\n margin: 0;\n font-size: 0.95rem;\n color: #78350f;\n line-height: 1.6;\n}\n\n\/* Stiluri Badge-uri Pa\u0219i - INLINE *\/\n.steps-container {\n display: flex;\n flex-direction: column;\n gap: 10px;\n margin-top: 10px;\n}\n\n.step-row {\n display: flex;\n align-items: center;\n flex-wrap: nowrap;\n}\n\n.badge-wrapper {\n flex-shrink: 0;\n margin-right: 10px;\n}\n\n.step-badge {\n background-color: #b45309;\n color: #ffffff;\n font-size: 0.75rem;\n font-weight: 700;\n padding: 4px 10px;\n border-radius: 6px;\n white-space: nowrap;\n text-transform: uppercase;\n letter-spacing: 0.5px;\n}\n\n.step-desc {\n font-size: 0.95rem;\n color: #78350f;\n line-height: 1.4;\n font-weight: 500;\n}\n\n@media (max-width: 600px) {\n .step-row {\n align-items: flex-start;\n }\n .badge-wrapper {\n margin-top: 2px;\n }\n}\n\n\/* 3. Layout: Full Row (CENTRATA) & Grid *\/\n.form-full-row {\n width: 100%;\n margin-bottom: 15px;\n text-align: center; \/* AICI ESTE MODIFICAREA PENTRU CENTRARE *\/\n}\n\n.form-grid {\n display: grid;\n grid-template-columns: 1fr 1fr;\n gap: 40px;\n}\n\n@media (max-width: 768px) {\n .form-grid {\n grid-template-columns: 1fr;\n gap: 20px;\n }\n}\n\n\/* 4. Stil Input-uri Standard *\/\n.form-group {\n margin-bottom: 24px;\n}\n\n.field-label {\n display: block;\n font-size: 0.85rem;\n font-weight: 700;\n color: #475569; \n margin-bottom: 5px; \/* Spatiu mic sub label *\/\n text-transform: uppercase;\n letter-spacing: 0.04em;\n}\n\n.enterprise-form-wrapper input[type=\"text\"],\n.enterprise-form-wrapper input[type=\"email\"],\n.enterprise-form-wrapper input[type=\"tel\"] {\n width: 100%;\n padding: 14px 16px;\n border: 1px solid #e2e8f0;\n border-radius: 8px; \n font-size: 1rem;\n color: #0f172a;\n background-color: #f8fafc; \n transition: all 0.2s ease;\n box-sizing: border-box;\n}\n\n.enterprise-form-wrapper input:focus {\n background-color: #ffffff;\n border-color: #3b82f6;\n box-shadow: 0 0 0 3px rgba(59, 130, 246, 0.15);\n outline: none;\n}\n\n\/* ==========================================================================\n RADIO CHIPS - SUPER COMPACT\n ========================================================================== *\/\n.radio-group-modern .wpcf7-list-item {\n display: inline-block !important;\n margin: 0 4px 6px 4px !important; \/* Margin simetric pentru centrare *\/\n}\n\n.radio-group-modern .wpcf7-list-item > label {\n display: inline-flex;\n align-items: center;\n cursor: pointer;\n}\n\n.radio-group-modern input[type=\"radio\"] {\n position: absolute;\n opacity: 0;\n width: 0;\n height: 0;\n}\n\n.radio-group-modern .wpcf7-list-item-label {\n display: inline-block;\n padding: 8px 12px; \/* Putin mai lat pentru aspect placut *\/\n background: #ffffff;\n border: 1px solid #cbd5e1;\n border-radius: 6px;\n font-size: 0.8rem; \n font-weight: 600;\n color: #475569;\n transition: all 0.2s ease;\n cursor: pointer;\n box-shadow: 0 1px 2px rgba(0,0,0,0.05);\n white-space: nowrap;\n}\n\n.radio-group-modern .wpcf7-list-item-label:hover {\n border-color: #94a3b8;\n color: #1e293b;\n background: #f8fafc;\n}\n\n\/* Selected State *\/\n.radio-group-modern .wpcf7-list-item-label.selected,\n.radio-group-modern input[type=\"radio\"]:checked ~ .wpcf7-list-item-label,\n.radio-group-modern input[type=\"radio\"]:checked + .wpcf7-list-item-label {\n background: #0f172a !important; \n color: #ffffff !important;\n border-color: #0f172a !important;\n box-shadow: 0 4px 6px -1px rgba(15, 23, 42, 0.4);\n transform: translateY(-1px);\n}\n\n@media (max-width: 500px) {\n \/* Pe mobil fortam afisarea verticala *\/\n .radio-group-modern.vertical-radios-mobile .wpcf7-list-item {\n display: block !important;\n margin-right: 0 !important;\n margin-left: 0 !important;\n }\n .radio-group-modern.vertical-radios-mobile .wpcf7-list-item-label {\n display: block;\n text-align: center;\n }\n}\n\n\/* 6. Zona Legal\u0103 *\/\n.legal-section-wrapper {\n background: #f1f5f9; \n padding: 25px;\n border-radius: 8px;\n border: 1px solid #e2e8f0;\n margin-top: 20px;\n}\n\n.legal-row {\n display: flex;\n align-items: flex-start;\n margin-bottom: 15px;\n}\n\n.checkbox-container {\n margin-right: 12px;\n padding-top: 2px;\n}\n\n.text-container {\n font-size: 0.9rem;\n color: #334155;\n line-height: 1.5;\n}\n\n.legal-row input[type=\"checkbox\"] {\n width: 18px !important;\n height: 18px !important;\n accent-color: #0f172a;\n cursor: pointer;\n}\n\n.text-container a {\n color: #2563eb;\n font-weight: 600;\n text-decoration: none;\n border-bottom: 1px solid transparent;\n}\n.text-container a:hover {\n border-bottom-color: #2563eb;\n}\n\n\/* 7. Buton Submit *\/\n.submit-wrapper {\n margin-top: 40px;\n text-align: center;\n}\n\n.enterprise-form-wrapper input[type=\"submit\"] {\n background-color: #0f172a; \n color: white;\n font-size: 1rem;\n font-weight: 700;\n text-transform: uppercase;\n letter-spacing: 0.05em;\n padding: 18px 60px;\n border: none;\n border-radius: 8px;\n cursor: pointer;\n transition: all 0.3s ease;\n width: 100%;\n max-width: 400px;\n box-shadow: 0 4px 6px -1px rgba(0, 0, 0, 0.1);\n}\n\n.enterprise-form-wrapper input[type=\"submit\"]:hover {\n background-color: #1e293b;\n transform: translateY(-2px);\n box-shadow: 0 10px 15px -3px rgba(0, 0, 0, 0.2);\n}\n\n.enterprise-form-wrapper p:empty {\n display: none;\n}\n<\/style>\n<p><script>\njQuery(document).ready(function($) {\n $('.radio-group-modern .wpcf7-list-item-label').on('click', function(e) {\n var $this = $(this);\n var $item = $this.closest('.wpcf7-list-item');\n var $input = $item.find('input[type=\"radio\"]');\n \n if ($input.length) {\n $input.prop('checked', true).trigger('change');\n \n $item.siblings().find('.wpcf7-list-item-label').removeClass('selected');\n $item.addBack().find('.wpcf7-list-item-label').removeClass('selected'); \n \n $this.addClass('selected');\n \n var groupName = $input.attr('name');\n $('input[name=\"' + groupName + '\"]').not($input).closest('.wpcf7-list-item').find('.wpcf7-list-item-label').removeClass('selected');\n }\n });\n \n $('.radio-group-modern input[type=\"radio\"]:checked').each(function() {\n $(this).closest('.wpcf7-list-item').find('.wpcf7-list-item-label').addClass('selected');\n });\n \n $(document).on('wpcf7mailsent', function() {\n $('.radio-group-modern .wpcf7-list-item-label').removeClass('selected');\n setTimeout(function(){\n $('.radio-group-modern input[type=\"radio\"]:checked').each(function() {\n $(this).closest('.wpcf7-list-item').find('.wpcf7-list-item-label').addClass('selected');\n });\n }, 100);\n });\n});\n<\/script>\n<\/p><div class=\"wpcf7-response-output\" aria-hidden=\"true\"><\/div>\n<\/form>\n<\/div>\n\t\t\t\t\t\t<\/div>\n\t\t\t\t<\/div>\n\t\t\t\t\t<\/div>\n\t\t<\/div>\n\t\t\t\t\t<\/div>\n\t\t<\/section>\n\t\t\t\t<\/div>\n\t\t","protected":false},"excerpt":{"rendered":"<p>REZERVARE ONLINE Conferin\u021ba Na\u021bional\u0103 &#8222;REALIT\u0102\u021aI ALE SPITALELOR DIN ROM\u00c2NIA \u00ceN ANUL 2026&#8221;, a II-a edi\u021bie. LOCURI LIMITATE ! Particip\u0103 la Conferin\u021ba na\u021bional\u0103 \u201dRealit\u0103\u021bile spitalelor din Rom\u00e2nia \u00een anul 2026 \u201d, un eveniment de referin\u021b\u0103 dedicat profesioni\u0219tilor din s\u0103n\u0103tate ce va aduce \u00een prim-plan provoc\u0103rile ale sistemului medical rom\u00e2nesc. Punem \u00een v\u00e2nzare un num\u0103r limitat de [&hellip;]<\/p>\n","protected":false},"author":1,"featured_media":0,"parent":0,"menu_order":0,"comment_status":"closed","ping_status":"closed","template":"elementor_header_footer","meta":{"footnotes":""},"class_list":["post-20021","page","type-page","status-publish","hentry"],"_links":{"self":[{"href":"https:\/\/www.webmedical.ro\/realitatialespitalelor\/wp-json\/wp\/v2\/pages\/20021","targetHints":{"allow":["GET"]}}],"collection":[{"href":"https:\/\/www.webmedical.ro\/realitatialespitalelor\/wp-json\/wp\/v2\/pages"}],"about":[{"href":"https:\/\/www.webmedical.ro\/realitatialespitalelor\/wp-json\/wp\/v2\/types\/page"}],"author":[{"embeddable":true,"href":"https:\/\/www.webmedical.ro\/realitatialespitalelor\/wp-json\/wp\/v2\/users\/1"}],"replies":[{"embeddable":true,"href":"https:\/\/www.webmedical.ro\/realitatialespitalelor\/wp-json\/wp\/v2\/comments?post=20021"}],"version-history":[{"count":46,"href":"https:\/\/www.webmedical.ro\/realitatialespitalelor\/wp-json\/wp\/v2\/pages\/20021\/revisions"}],"predecessor-version":[{"id":20098,"href":"https:\/\/www.webmedical.ro\/realitatialespitalelor\/wp-json\/wp\/v2\/pages\/20021\/revisions\/20098"}],"wp:attachment":[{"href":"https:\/\/www.webmedical.ro\/realitatialespitalelor\/wp-json\/wp\/v2\/media?parent=20021"}],"curies":[{"name":"wp","href":"https:\/\/api.w.org\/{rel}","templated":true}]}}