{"id":405,"date":"2023-06-14T02:31:28","date_gmt":"2023-06-14T02:31:28","guid":{"rendered":"https:\/\/webmedical.ro\/conferintacfr2\/?page_id=405"},"modified":"2026-01-21T10:08:26","modified_gmt":"2026-01-21T10:08:26","slug":"taxe","status":"publish","type":"page","link":"https:\/\/www.webmedical.ro\/realitatialespitalelor\/taxe\/","title":{"rendered":"Taxe de participare"},"content":{"rendered":"\t\t<div data-elementor-type=\"wp-page\" data-elementor-id=\"405\" class=\"elementor elementor-405\">\n\t\t\t\t\t\t<section class=\"elementor-section elementor-top-section elementor-element elementor-element-ce52754 elementor-section-boxed elementor-section-height-default elementor-section-height-default\" data-id=\"ce52754\" data-element_type=\"section\" data-settings=\"{&quot;background_background&quot;:&quot;classic&quot;}\">\n\t\t\t\t\t\t<div class=\"elementor-container elementor-column-gap-default\">\n\t\t\t\t\t<div class=\"elementor-column elementor-col-100 elementor-top-column elementor-element elementor-element-7d3dde4\" data-id=\"7d3dde4\" data-element_type=\"column\">\n\t\t\t<div class=\"elementor-widget-wrap elementor-element-populated\">\n\t\t\t\t\t\t<div class=\"elementor-element elementor-element-e7d0fca elementor-widget elementor-widget-heading\" data-id=\"e7d0fca\" data-element_type=\"widget\" data-widget_type=\"heading.default\">\n\t\t\t\t<div class=\"elementor-widget-container\">\n\t\t\t<style>\/*! elementor - v3.23.0 - 15-07-2024 *\/\n.elementor-heading-title{padding:0;margin:0;line-height:1}.elementor-widget-heading .elementor-heading-title[class*=elementor-size-]>a{color:inherit;font-size:inherit;line-height:inherit}.elementor-widget-heading .elementor-heading-title.elementor-size-small{font-size:15px}.elementor-widget-heading .elementor-heading-title.elementor-size-medium{font-size:19px}.elementor-widget-heading .elementor-heading-title.elementor-size-large{font-size:29px}.elementor-widget-heading .elementor-heading-title.elementor-size-xl{font-size:39px}.elementor-widget-heading .elementor-heading-title.elementor-size-xxl{font-size:59px}<\/style><h2 class=\"elementor-heading-title elementor-size-default\">TAXE DE PARTICIPARE<\/h2>\t\t<\/div>\n\t\t\t\t<\/div>\n\t\t\t\t<div class=\"elementor-element elementor-element-655449f elementor-widget elementor-widget-text-editor\" data-id=\"655449f\" data-element_type=\"widget\" data-widget_type=\"text-editor.default\">\n\t\t\t\t<div class=\"elementor-widget-container\">\n\t\t\t<style>\/*! elementor - v3.23.0 - 15-07-2024 *\/\n.elementor-widget-text-editor.elementor-drop-cap-view-stacked .elementor-drop-cap{background-color:#69727d;color:#fff}.elementor-widget-text-editor.elementor-drop-cap-view-framed .elementor-drop-cap{color:#69727d;border:3px solid;background-color:transparent}.elementor-widget-text-editor:not(.elementor-drop-cap-view-default) .elementor-drop-cap{margin-top:8px}.elementor-widget-text-editor:not(.elementor-drop-cap-view-default) .elementor-drop-cap-letter{width:1em;height:1em}.elementor-widget-text-editor .elementor-drop-cap{float:left;text-align:center;line-height:1;font-size:50px}.elementor-widget-text-editor .elementor-drop-cap-letter{display:inline-block}<\/style>\t\t\t\t<p>Conferin\u021ba Na\u021bional\u0103 &#8222;REALIT\u0102\u021aI ALE SPITALELOR DIN ROM\u00c2NIA \u00ceN ANUL 2026&#8221;, A II-A EDI\u021aIE<\/p>\t\t\t\t\t\t<\/div>\n\t\t\t\t<\/div>\n\t\t\t\t\t<\/div>\n\t\t<\/div>\n\t\t\t\t\t<\/div>\n\t\t<\/section>\n\t\t\t\t<section class=\"elementor-section elementor-top-section elementor-element elementor-element-460aff1 elementor-section-boxed elementor-section-height-default elementor-section-height-default\" data-id=\"460aff1\" data-element_type=\"section\">\n\t\t\t\t\t\t<div class=\"elementor-container elementor-column-gap-default\">\n\t\t\t\t\t<div class=\"elementor-column elementor-col-100 elementor-top-column elementor-element elementor-element-6d75b90\" data-id=\"6d75b90\" data-element_type=\"column\">\n\t\t\t<div class=\"elementor-widget-wrap elementor-element-populated\">\n\t\t\t\t\t\t<section class=\"elementor-section elementor-inner-section elementor-element elementor-element-5b2d06e elementor-section-full_width ova-section-primary-background elementor-section-height-default elementor-section-height-default\" data-id=\"5b2d06e\" data-element_type=\"section\" data-settings=\"{&quot;background_background&quot;:&quot;classic&quot;}\">\n\t\t\t\t\t\t\t<div class=\"elementor-background-overlay\"><\/div>\n\t\t\t\t\t\t\t<div class=\"elementor-container elementor-column-gap-default\">\n\t\t\t\t\t<div class=\"elementor-column elementor-col-100 elementor-inner-column elementor-element elementor-element-42583ce\" data-id=\"42583ce\" data-element_type=\"column\">\n\t\t\t<div class=\"elementor-widget-wrap elementor-element-populated\">\n\t\t\t\t\t\t<div class=\"elementor-element elementor-element-63c314f elementor-vertical-align-middle elementor-widget elementor-widget-icon-box\" data-id=\"63c314f\" data-element_type=\"widget\" data-widget_type=\"icon-box.default\">\n\t\t\t\t<div class=\"elementor-widget-container\">\n\t\t\t<link rel=\"stylesheet\" href=\"https:\/\/www.webmedical.ro\/realitatialespitalelor\/wp-content\/plugins\/elementor\/assets\/css\/widget-icon-box.min.css\">\t\t<div class=\"elementor-icon-box-wrapper\">\n\n\t\t\t\n\t\t\t\t\t\t<div class=\"elementor-icon-box-content\">\n\n\t\t\t\t\t\t\t\t\t<h3 class=\"elementor-icon-box-title\">\n\t\t\t\t\t\t<span  >\n\t\t\t\t\t\t\tTAXELE VOR FI AFI\u0218ATE \u00ceN CUR\u00c2ND\t\t\t\t\t\t<\/span>\n\t\t\t\t\t<\/h3>\n\t\t\t\t\n\t\t\t\t\n\t\t\t<\/div>\n\t\t\t\n\t\t<\/div>\n\t\t\t\t<\/div>\n\t\t\t\t<\/div>\n\t\t\t\t\t<\/div>\n\t\t<\/div>\n\t\t\t\t\t<\/div>\n\t\t<\/section>\n\t\t\t\t\t<\/div>\n\t\t<\/div>\n\t\t\t\t\t<\/div>\n\t\t<\/section>\n\t\t\t\t<section class=\"elementor-section elementor-top-section elementor-element elementor-element-d865933 elementor-hidden-desktop elementor-hidden-tablet elementor-hidden-mobile elementor-section-boxed elementor-section-height-default elementor-section-height-default\" data-id=\"d865933\" data-element_type=\"section\">\n\t\t\t\t\t\t<div class=\"elementor-container elementor-column-gap-default\">\n\t\t\t\t\t<div class=\"elementor-column elementor-col-100 elementor-top-column elementor-element elementor-element-40891ba\" data-id=\"40891ba\" data-element_type=\"column\">\n\t\t\t<div class=\"elementor-widget-wrap elementor-element-populated\">\n\t\t\t\t\t\t<section class=\"elementor-section elementor-inner-section elementor-element elementor-element-dd7dda8 elementor-section-full_width ova-section-primary-background elementor-section-height-default elementor-section-height-default\" data-id=\"dd7dda8\" data-element_type=\"section\" data-settings=\"{&quot;background_background&quot;:&quot;classic&quot;}\">\n\t\t\t\t\t\t\t<div class=\"elementor-background-overlay\"><\/div>\n\t\t\t\t\t\t\t<div class=\"elementor-container elementor-column-gap-default\">\n\t\t\t\t\t<div class=\"elementor-column elementor-col-100 elementor-inner-column elementor-element elementor-element-c2128cb\" data-id=\"c2128cb\" data-element_type=\"column\">\n\t\t\t<div class=\"elementor-widget-wrap elementor-element-populated\">\n\t\t\t\t\t\t<div class=\"elementor-element elementor-element-e1ce79f elementor-vertical-align-middle elementor-widget elementor-widget-icon-box\" data-id=\"e1ce79f\" data-element_type=\"widget\" data-widget_type=\"icon-box.default\">\n\t\t\t\t<div class=\"elementor-widget-container\">\n\t\t\t\t\t<div class=\"elementor-icon-box-wrapper\">\n\n\t\t\t\n\t\t\t\t\t\t<div class=\"elementor-icon-box-content\">\n\n\t\t\t\t\t\t\t\t\t<h3 class=\"elementor-icon-box-title\">\n\t\t\t\t\t\t<span  >\n\t\t\t\t\t\t\tEvenimentul va fi creditat cu 18 puncte EMC de c\u0103tre Colegiul Medicilor Rom\u00e2nia, 16 puncte EFC de c\u0103tre Colegiul Farmaci\u0219tilor, 12 puncte CPR de c\u0103tre Colegiul Psihologilor \u0219i 15 puncte EMC de c\u0103tre Ordinul Asisten\u021bilor Medicali Generali\u0219ti, Moa\u0219elor \u0219i Asisten\u021bilor Medicali din Rom\u00e2nia.\t\t\t\t\t\t<\/span>\n\t\t\t\t\t<\/h3>\n\t\t\t\t\n\t\t\t\t\n\t\t\t<\/div>\n\t\t\t\n\t\t<\/div>\n\t\t\t\t<\/div>\n\t\t\t\t<\/div>\n\t\t\t\t\t<\/div>\n\t\t<\/div>\n\t\t\t\t\t<\/div>\n\t\t<\/section>\n\t\t\t\t\t<\/div>\n\t\t<\/div>\n\t\t\t\t\t<\/div>\n\t\t<\/section>\n\t\t<div class=\"elementor-element elementor-element-dedba6f elementor-hidden-desktop elementor-hidden-tablet elementor-hidden-mobile e-flex e-con-boxed e-con e-parent\" data-id=\"dedba6f\" data-element_type=\"container\">\n\t\t\t\t\t<div class=\"e-con-inner\">\n\t\t\t\t<div class=\"elementor-element elementor-element-77ec0b6 elementor-widget elementor-widget-text-editor\" data-id=\"77ec0b6\" data-element_type=\"widget\" data-widget_type=\"text-editor.default\">\n\t\t\t\t<div class=\"elementor-widget-container\">\n\t\t\t\t\t\t\t<style>\n    \/* Container principal - Umbr\u0103 \"Elevated\" \u0219i col\u021buri rotunjite *\/\n    .pro-table-wrapper {\n        font-family: -apple-system, BlinkMacSystemFont, \"Segoe UI\", Roboto, \"Helvetica Neue\", Arial, sans-serif;\n        background: #ffffff;\n        border-radius: 12px;\n        box-shadow: 0 10px 15px -3px rgba(0, 0, 0, 0.1), 0 4px 6px -2px rgba(0, 0, 0, 0.05);\n        overflow: hidden;\n        border: 1px solid #e2e8f0;\n        margin: 30px 0;\n    }\n\n    \/* Scroll orizontal pentru mobil *\/\n    .table-responsive {\n        width: 100%;\n        overflow-x: auto;\n        -webkit-overflow-scrolling: touch;\n    }\n\n    \/* Stiluri tabel de baz\u0103 *\/\n    .pro-table {\n        width: 100%;\n        border-collapse: collapse;\n        min-width: 700px;\n    }\n\n    \/* HEADER - Stil \"Slate Dark\" *\/\n    .pro-table thead th {\n        background-color: #0f172a;\n        color: #ffffff;\n        font-size: 0.9rem;\n        font-weight: 600;\n        text-transform: uppercase;\n        letter-spacing: 0.05em;\n        padding: 18px 20px;\n        text-align: center;\n        border-bottom: 3px solid #334155;\n    }\n\n    \/* CORP TABEL - Celule *\/\n    .pro-table tbody td {\n        padding: 16px 20px;\n        color: #475569;\n        font-size: 0.95rem;\n        border-bottom: 1px solid #e2e8f0;\n        text-align: center;\n        vertical-align: middle;\n    }\n\n    \/* Prima coloan\u0103 (Categoriile) - Eviden\u021biere *\/\n    .pro-table tbody td:first-child {\n        font-weight: 700;\n        color: #1e293b;\n        background-color: #f8fafc;\n        border-right: 1px solid #e2e8f0;\n        text-align: left;\n        padding-left: 25px;\n    }\n\n    \/* Hover Effect pe r\u00e2nduri *\/\n    .pro-table tbody tr:hover td {\n        background-color: #f1f5f9;\n        color: #0f172a;\n        transition: background-color 0.2s ease;\n    }\n\n    \/* Pre\u021burile - Stil \"Badge\" subtil *\/\n    .price-badge {\n        display: inline-block;\n        font-weight: 700;\n        color: #0f172a;\n        background: #f1f5f9;\n        padding: 6px 12px;\n        border-radius: 6px;\n        min-width: 80px;\n        text-align: center;\n    }\n\n    \/* R\u00e2ndul de jos (Materiale) - Stil Footer *\/\n    .footer-row td {\n        background-color: #fff7ed !important;\n        border-top: 2px solid #fed7aa;\n        color: #9a3412;\n        font-size: 0.9rem;\n        font-weight: 500;\n        text-align: center !important;\n    }\n    \n    .pro-table tbody tr.footer-row td:first-child {\n        background-color: #fff7ed !important;\n        color: #9a3412;\n        text-align: center; \n        padding-left: 20px;\n    }\n\n    \/* Iconi\u021be vizuale *\/\n    .status-icon {\n        margin-right: 6px;\n        font-style: normal;\n    }\n<\/style>\n\n<div class=\"pro-table-wrapper\">\n    <div class=\"table-responsive\">\n        <table class=\"pro-table\">\n            <thead>\n                <tr>\n                    <th width=\"20%\">Categorie de participant<\/th>\n                    <th width=\"26%\">P\u00e2n\u0103 la data de 19.09.2025<\/th>\n                    <th width=\"26%\">P\u00e2n\u0103 la data de 05.10.2025<\/th>\n                    <th width=\"28%\">Dup\u0103 data de 05.10.2025 \u0219i pe loc<\/th>\n                <\/tr>\n            <\/thead>\n            <tbody>\n                <tr>\n                    <td>Medici primari<\/td>\n                    <td><span class=\"price-badge\">250 RON<\/span><\/td>\n                    <td><span class=\"price-badge\">300 RON<\/span><\/td>\n                    <td><span class=\"price-badge\">350 RON<\/span><\/td>\n                <\/tr>\n                <tr>\n                    <td>Medici speciali\u0219ti<\/td>\n                    <td><span class=\"price-badge\">250 RON<\/span><\/td>\n                    <td><span class=\"price-badge\">300 RON<\/span><\/td>\n                    <td><span class=\"price-badge\">350 RON<\/span><\/td>\n                <\/tr>\n                <tr>\n                    <td>Medici reziden\u021bi<\/td>\n                    <td><span class=\"price-badge\">100 RON<\/span><\/td>\n                    <td><span class=\"price-badge\">150 RON<\/span><\/td>\n                    <td><span class=\"price-badge\">200 RON<\/span><\/td>\n                <\/tr>\n                <tr>\n                    <td>Asisten\u021bi medicali<\/td>\n                    <td><span class=\"price-badge\">100 RON<\/span><\/td>\n                    <td><span class=\"price-badge\">150 RON<\/span><\/td>\n                    <td><span class=\"price-badge\">200 RON<\/span><\/td>\n                <\/tr>\n                <tr>\n                    <td>Pensionari<\/td>\n                    <td><span class=\"price-badge\">100 RON<\/span><\/td>\n                    <td><span class=\"price-badge\">150 RON<\/span><\/td>\n                    <td><span class=\"price-badge\">200 RON<\/span><\/td>\n                <\/tr>\n                <tr class=\"footer-row\">\n                    <td>Materiale conferin\u021b\u0103?<\/td>\n                    <td><span class=\"status-icon\">\u2705<\/span> Da, asigur\u0103m<\/td>\n                    <td><span class=\"status-icon\">\u2705<\/span> Da, asigur\u0103m<\/td>\n                    <td><span class=\"status-icon\">\u274c<\/span> Nu asigur\u0103m<\/td>\n                <\/tr>\n            <\/tbody>\n        <\/table>\n    <\/div>\n<\/div>\t\t\t\t\t\t<\/div>\n\t\t\t\t<\/div>\n\t\t\t\t\t<\/div>\n\t\t\t\t<\/div>\n\t\t<div class=\"elementor-element elementor-element-424c060 e-grid elementor-hidden-desktop elementor-hidden-tablet elementor-hidden-mobile e-con-boxed e-con e-parent\" data-id=\"424c060\" data-element_type=\"container\">\n\t\t\t\t\t<div class=\"e-con-inner\">\n\t\t\t\t<div class=\"elementor-element elementor-element-cd6a14b elementor-view-default elementor-position-top elementor-mobile-position-top elementor-widget elementor-widget-icon-box\" data-id=\"cd6a14b\" data-element_type=\"widget\" data-widget_type=\"icon-box.default\">\n\t\t\t\t<div class=\"elementor-widget-container\">\n\t\t\t\t\t<div class=\"elementor-icon-box-wrapper\">\n\n\t\t\t\t\t\t<div class=\"elementor-icon-box-icon\">\n\t\t\t\t<span  class=\"elementor-icon elementor-animation-\">\n\t\t\t\t<i aria-hidden=\"true\" class=\"flaticonnew2- flaticon-new2-newspaper\"><\/i>\t\t\t\t<\/span>\n\t\t\t<\/div>\n\t\t\t\n\t\t\t\t\t\t<div class=\"elementor-icon-box-content\">\n\n\t\t\t\t\t\t\t\t\t<h3 class=\"elementor-icon-box-title\">\n\t\t\t\t\t\t<span  >\n\t\t\t\t\t\t\tTAXE \u0218I PARTICIPARE\t\t\t\t\t\t<\/span>\n\t\t\t\t\t<\/h3>\n\t\t\t\t\n\t\t\t\t\t\t\t\t\t<p class=\"elementor-icon-box-description\">\n\t\t\t\t\t\tEdi\u021bia 2025 a Conferin\u021bei  Multidisciplinare a Spitalului Clinic Militar de Urgen\u021b\u0103 \"Dr. Iacob Czihac\" Ia\u0219i, se va desf\u0103\u0219ura in format fizic, la Cercul Militar.\n<br><br>\u00censcrierea p\u00e2n\u0103 la data de <strong>5 Octombrie <\/strong> asigura mapa si materialele conferin\u021bei.\n<br><br>\u00censcrierea dup\u0103 data de  <strong>5 Octombrie <\/strong>nu asigur\u0103 mapa conferin\u021bei.\n<br><br>\u00censcrierea pe loc nu asigur\u0103 mapa conferin\u021bei. Plata taxei f\u0103r\u0103 \u00eenscrierea on-line nu este valid\u0103.\n\t\t\t\t\t<\/p>\n\t\t\t\t\n\t\t\t<\/div>\n\t\t\t\n\t\t<\/div>\n\t\t\t\t<\/div>\n\t\t\t\t<\/div>\n\t\t\t\t<div class=\"elementor-element elementor-element-c54e902 elementor-view-default elementor-position-top elementor-mobile-position-top elementor-widget elementor-widget-icon-box\" data-id=\"c54e902\" data-element_type=\"widget\" data-widget_type=\"icon-box.default\">\n\t\t\t\t<div class=\"elementor-widget-container\">\n\t\t\t\t\t<div class=\"elementor-icon-box-wrapper\">\n\n\t\t\t\t\t\t<div class=\"elementor-icon-box-icon\">\n\t\t\t\t<span  class=\"elementor-icon elementor-animation-\">\n\t\t\t\t<i aria-hidden=\"true\" class=\"gimonticon gimonticon-bank\"><\/i>\t\t\t\t<\/span>\n\t\t\t<\/div>\n\t\t\t\n\t\t\t\t\t\t<div class=\"elementor-icon-box-content\">\n\n\t\t\t\t\t\t\t\t\t<h3 class=\"elementor-icon-box-title\">\n\t\t\t\t\t\t<span  >\n\t\t\t\t\t\t\tMODALITATE DE PLAT\u0102\t\t\t\t\t\t<\/span>\n\t\t\t\t\t<\/h3>\n\t\t\t\t\n\t\t\t\t\t\t\t\t\t<p class=\"elementor-icon-box-description\">\n\t\t\t\t\t\t\nPlata se efectueaz\u0103 in contul societ\u0103\u021bii :\n<br \/> <br \/> \n<strong>Organizator:<\/strong> HIGH LIFE MED <br \/>\n<strong>CUI:<\/strong> RO 35102798<br \/> \n<strong>Cont bancar: <\/strong>RO79RZBR0000060018117698<br \/> \n<strong>Banca : <\/strong>RAIFFEISEN\n<br \/> <br \/> MEN\u021aIUNE: V\u0103 rug\u0103m s\u0103 men\u021biona\u021bi denumirea evenimentului.\n\nPlata taxei f\u0103r\u0103 \u00eenscrierea on-line nu este valid\u0103\t\t\t\t\t<\/p>\n\t\t\t\t\n\t\t\t<\/div>\n\t\t\t\n\t\t<\/div>\n\t\t\t\t<\/div>\n\t\t\t\t<\/div>\n\t\t\t\t<div class=\"elementor-element elementor-element-cda28d6 elementor-view-default elementor-position-top elementor-mobile-position-top elementor-widget elementor-widget-icon-box\" data-id=\"cda28d6\" data-element_type=\"widget\" data-widget_type=\"icon-box.default\">\n\t\t\t\t<div class=\"elementor-widget-container\">\n\t\t\t\t\t<div class=\"elementor-icon-box-wrapper\">\n\n\t\t\t\t\t\t<div class=\"elementor-icon-box-icon\">\n\t\t\t\t<span  class=\"elementor-icon elementor-animation-\">\n\t\t\t\t<svg aria-hidden=\"true\" class=\"e-font-icon-svg e-fas-book\" viewBox=\"0 0 448 512\" xmlns=\"http:\/\/www.w3.org\/2000\/svg\"><path d=\"M448 360V24c0-13.3-10.7-24-24-24H96C43 0 0 43 0 96v320c0 53 43 96 96 96h328c13.3 0 24-10.7 24-24v-16c0-7.5-3.5-14.3-8.9-18.7-4.2-15.4-4.2-59.3 0-74.7 5.4-4.3 8.9-11.1 8.9-18.6zM128 134c0-3.3 2.7-6 6-6h212c3.3 0 6 2.7 6 6v20c0 3.3-2.7 6-6 6H134c-3.3 0-6-2.7-6-6v-20zm0 64c0-3.3 2.7-6 6-6h212c3.3 0 6 2.7 6 6v20c0 3.3-2.7 6-6 6H134c-3.3 0-6-2.7-6-6v-20zm253.4 250H96c-17.7 0-32-14.3-32-32 0-17.6 14.4-32 32-32h285.4c-1.9 17.1-1.9 46.9 0 64z\"><\/path><\/svg>\t\t\t\t<\/span>\n\t\t\t<\/div>\n\t\t\t\n\t\t\t\t\t\t<div class=\"elementor-icon-box-content\">\n\n\t\t\t\t\t\t\t\t\t<h3 class=\"elementor-icon-box-title\">\n\t\t\t\t\t\t<span  >\n\t\t\t\t\t\t\tSERVICII OFERITE\t\t\t\t\t\t<\/span>\n\t\t\t\t\t<\/h3>\n\t\t\t\t\n\t\t\t\t\t\t\t\t\t<p class=\"elementor-icon-box-description\">\n\t\t\t\t\t\tServiciile pe care le oferim \u00een cuantumul taxei de participare:\n<br \/>\n- accesul in format fizic la lucr\u0103rile \u0219tiin\u021bifice;\n<br \/>- accesul in format fizic la expozi\u021bia medical\u0103;\n<br \/>- certificatul de participare cu credite EMC.\n<br \/><em>*Plata taxei f\u0103r\u0103 \u00eenregistrarea on-line nu este valid\u0103.<\/em>\n<br \/><br \/>\n<strong>Creditele EMC se acorda dor medicilor ce sunt \u00eenscri\u0219i in Colegiul Medicilor Rom\u00e2nia, care implicit de\u021bin cod CUIM !<\/strong>\t\t\t\t\t<\/p>\n\t\t\t\t\n\t\t\t<\/div>\n\t\t\t\n\t\t<\/div>\n\t\t\t\t<\/div>\n\t\t\t\t<\/div>\n\t\t\t\t\t<\/div>\n\t\t\t\t<\/div>\n\t\t\t\t<section class=\"elementor-section elementor-top-section elementor-element elementor-element-55f243f elementor-section-boxed elementor-section-height-default elementor-section-height-default\" data-id=\"55f243f\" data-element_type=\"section\">\n\t\t\t\t\t\t<div class=\"elementor-container elementor-column-gap-default\">\n\t\t\t\t\t<div class=\"elementor-column elementor-col-100 elementor-top-column elementor-element elementor-element-b5d5b2f\" data-id=\"b5d5b2f\" data-element_type=\"column\">\n\t\t\t<div class=\"elementor-widget-wrap elementor-element-populated\">\n\t\t\t\t\t\t<section class=\"elementor-section elementor-inner-section elementor-element elementor-element-b2cb827 elementor-section-full_width ova-section-primary-background elementor-section-height-default elementor-section-height-default\" data-id=\"b2cb827\" data-element_type=\"section\" data-settings=\"{&quot;background_background&quot;:&quot;classic&quot;}\">\n\t\t\t\t\t\t\t<div class=\"elementor-background-overlay\"><\/div>\n\t\t\t\t\t\t\t<div class=\"elementor-container elementor-column-gap-default\">\n\t\t\t\t\t<div class=\"elementor-column elementor-col-33 elementor-inner-column elementor-element elementor-element-948930d\" data-id=\"948930d\" data-element_type=\"column\">\n\t\t\t<div class=\"elementor-widget-wrap elementor-element-populated\">\n\t\t\t\t\t\t<div class=\"elementor-element elementor-element-b7ebd72 elementor-view-stacked elementor-position-left elementor-vertical-align-middle elementor-shape-circle elementor-mobile-position-top elementor-widget elementor-widget-icon-box\" data-id=\"b7ebd72\" data-element_type=\"widget\" data-widget_type=\"icon-box.default\">\n\t\t\t\t<div class=\"elementor-widget-container\">\n\t\t\t\t\t<div class=\"elementor-icon-box-wrapper\">\n\n\t\t\t\t\t\t<div class=\"elementor-icon-box-icon\">\n\t\t\t\t<span  class=\"elementor-icon elementor-animation-\">\n\t\t\t\t<i aria-hidden=\"true\" class=\"ovaicon ovaicon-email\"><\/i>\t\t\t\t<\/span>\n\t\t\t<\/div>\n\t\t\t\n\t\t\t\t\t\t<div class=\"elementor-icon-box-content\">\n\n\t\t\t\t\t\t\t\t\t<h3 class=\"elementor-icon-box-title\">\n\t\t\t\t\t\t<span  >\n\t\t\t\t\t\t\tSolicit\u0103 asisten\u021b\u0103\t\t\t\t\t\t<\/span>\n\t\t\t\t\t<\/h3>\n\t\t\t\t\n\t\t\t\t\t\t\t\t\t<p class=\"elementor-icon-box-description\">\n\t\t\t\t\t\tSCRIE-NE PE <strong>OFFICE@HIGHLIFE-EVENTS.RO<\/strong>\t\t\t\t\t<\/p>\n\t\t\t\t\n\t\t\t<\/div>\n\t\t\t\n\t\t<\/div>\n\t\t\t\t<\/div>\n\t\t\t\t<\/div>\n\t\t\t\t\t<\/div>\n\t\t<\/div>\n\t\t\t\t<div class=\"elementor-column elementor-col-33 elementor-inner-column elementor-element elementor-element-86216f4\" data-id=\"86216f4\" data-element_type=\"column\">\n\t\t\t<div class=\"elementor-widget-wrap elementor-element-populated\">\n\t\t\t\t\t\t<div class=\"elementor-element elementor-element-e25549a elementor-mobile-align-center elementor-align-center elementor-widget elementor-widget-button\" data-id=\"e25549a\" data-element_type=\"widget\" data-widget_type=\"button.default\">\n\t\t\t\t<div class=\"elementor-widget-container\">\n\t\t\t\t\t<div class=\"elementor-button-wrapper\">\n\t\t\t<a class=\"elementor-button elementor-button-link elementor-size-lg\" href=\"https:\/\/www.webmedical.ro\/realitatialespitalelor\/taxe\/\">\n\t\t\t\t\t\t<span class=\"elementor-button-content-wrapper\">\n\t\t\t\t\t\t\t\t\t<span class=\"elementor-button-text\">TAXE DE PARTICIPARE<\/span>\n\t\t\t\t\t<\/span>\n\t\t\t\t\t<\/a>\n\t\t<\/div>\n\t\t\t\t<\/div>\n\t\t\t\t<\/div>\n\t\t\t\t\t<\/div>\n\t\t<\/div>\n\t\t\t\t<div class=\"elementor-column elementor-col-33 elementor-inner-column elementor-element elementor-element-798f363\" data-id=\"798f363\" data-element_type=\"column\">\n\t\t\t<div class=\"elementor-widget-wrap elementor-element-populated\">\n\t\t\t\t\t\t<div class=\"elementor-element elementor-element-d6a0849 elementor-mobile-align-center elementor-align-center elementor-widget elementor-widget-button\" data-id=\"d6a0849\" data-element_type=\"widget\" data-widget_type=\"button.default\">\n\t\t\t\t<div class=\"elementor-widget-container\">\n\t\t\t\t\t<div class=\"elementor-button-wrapper\">\n\t\t\t<a class=\"elementor-button elementor-button-link elementor-size-lg\" href=\"https:\/\/www.webmedical.ro\/realitatialespitalelor\/program\/\">\n\t\t\t\t\t\t<span class=\"elementor-button-content-wrapper\">\n\t\t\t\t\t\t\t\t\t<span class=\"elementor-button-text\">PROGRAM CONFERIN\u021a\u0102<\/span>\n\t\t\t\t\t<\/span>\n\t\t\t\t\t<\/a>\n\t\t<\/div>\n\t\t\t\t<\/div>\n\t\t\t\t<\/div>\n\t\t\t\t\t<\/div>\n\t\t<\/div>\n\t\t\t\t\t<\/div>\n\t\t<\/section>\n\t\t\t\t\t<\/div>\n\t\t<\/div>\n\t\t\t\t\t<\/div>\n\t\t<\/section>\n\t\t<div class=\"elementor-element elementor-element-2782ca6 e-flex e-con-boxed e-con e-parent\" data-id=\"2782ca6\" data-element_type=\"container\" data-settings=\"{&quot;background_background&quot;:&quot;classic&quot;}\">\n\t\t\t\t\t<div class=\"e-con-inner\">\n\t\t\t\t<div class=\"elementor-element elementor-element-132582d elementor-widget elementor-widget-heading\" data-id=\"132582d\" data-element_type=\"widget\" data-widget_type=\"heading.default\">\n\t\t\t\t<div class=\"elementor-widget-container\">\n\t\t\t<h2 class=\"elementor-heading-title elementor-size-default\">TIMP R\u0102MAS P\u00c2N\u0102 LA EVENIMENT<\/h2>\t\t<\/div>\n\t\t\t\t<\/div>\n\t\t\t\t<div class=\"elementor-element elementor-element-b66cd30 elementor-widget elementor-widget-gimont_elementor_countdown\" data-id=\"b66cd30\" data-element_type=\"widget\" data-widget_type=\"gimont_elementor_countdown.default\">\n\t\t\t\t<div class=\"elementor-widget-container\">\n\t\t\t\t\t<div class=\"ova-countdown\" data-date=\"{&quot;year&quot;:&quot;2026&quot;,&quot;month&quot;:&quot;5&quot;,&quot;day&quot;:&quot;6&quot;,&quot;hours&quot;:&quot;20&quot;,&quot;minutes&quot;:0,&quot;timezone&quot;:&quot;0&quot;,&quot;langUrl&quot;:&quot;https:\\\/\\\/www.webmedical.ro\\\/realitatialespitalelor\\\/wp-content\\\/themes\\\/gimont\\\/assets\\\/libs\\\/countdown\\\/jquery.countdown&quot;,&quot;lang&quot;:&quot;ro&quot;,&quot;format&quot;:&quot;DHMS&quot;}\"><\/div>\n\t\t\t\t<\/div>\n\t\t\t\t<\/div>\n\t\t\t\t\t<\/div>\n\t\t\t\t<\/div>\n\t\t\t\t<\/div>\n\t\t","protected":false},"excerpt":{"rendered":"<p>TAXE DE PARTICIPARE Conferin\u021ba Na\u021bional\u0103 &#8222;REALIT\u0102\u021aI ALE SPITALELOR DIN ROM\u00c2NIA \u00ceN ANUL 2026&#8221;, A II-A EDI\u021aIE TAXELE VOR FI AFI\u0218ATE \u00ceN CUR\u00c2ND Evenimentul va fi creditat cu 18 puncte EMC de c\u0103tre Colegiul Medicilor Rom\u00e2nia, 16 puncte EFC de c\u0103tre Colegiul Farmaci\u0219tilor, 12 puncte CPR de c\u0103tre Colegiul Psihologilor \u0219i 15 puncte EMC de c\u0103tre [&hellip;]<\/p>\n","protected":false},"author":1,"featured_media":0,"parent":0,"menu_order":0,"comment_status":"closed","ping_status":"closed","template":"elementor_header_footer","meta":{"footnotes":""},"class_list":["post-405","page","type-page","status-publish","hentry"],"_links":{"self":[{"href":"https:\/\/www.webmedical.ro\/realitatialespitalelor\/wp-json\/wp\/v2\/pages\/405","targetHints":{"allow":["GET"]}}],"collection":[{"href":"https:\/\/www.webmedical.ro\/realitatialespitalelor\/wp-json\/wp\/v2\/pages"}],"about":[{"href":"https:\/\/www.webmedical.ro\/realitatialespitalelor\/wp-json\/wp\/v2\/types\/page"}],"author":[{"embeddable":true,"href":"https:\/\/www.webmedical.ro\/realitatialespitalelor\/wp-json\/wp\/v2\/users\/1"}],"replies":[{"embeddable":true,"href":"https:\/\/www.webmedical.ro\/realitatialespitalelor\/wp-json\/wp\/v2\/comments?post=405"}],"version-history":[{"count":221,"href":"https:\/\/www.webmedical.ro\/realitatialespitalelor\/wp-json\/wp\/v2\/pages\/405\/revisions"}],"predecessor-version":[{"id":20017,"href":"https:\/\/www.webmedical.ro\/realitatialespitalelor\/wp-json\/wp\/v2\/pages\/405\/revisions\/20017"}],"wp:attachment":[{"href":"https:\/\/www.webmedical.ro\/realitatialespitalelor\/wp-json\/wp\/v2\/media?parent=405"}],"curies":[{"name":"wp","href":"https:\/\/api.w.org\/{rel}","templated":true}]}}