{"id":5391,"date":"2023-07-06T09:02:28","date_gmt":"2023-07-06T09:02:28","guid":{"rendered":"https:\/\/webmedical.ro\/conferintacfr2\/?page_id=5391"},"modified":"2026-01-22T10:56:14","modified_gmt":"2026-01-22T10:56:14","slug":"program","status":"publish","type":"page","link":"https:\/\/www.webmedical.ro\/realitatialespitalelor\/program\/","title":{"rendered":"Program Conferinta"},"content":{"rendered":"\t\t<div data-elementor-type=\"wp-page\" data-elementor-id=\"5391\" class=\"elementor elementor-5391\">\n\t\t\t\t\t\t<section class=\"elementor-section elementor-top-section elementor-element elementor-element-8623cea elementor-section-boxed elementor-section-height-default elementor-section-height-default\" data-id=\"8623cea\" data-element_type=\"section\" data-settings=\"{&quot;background_background&quot;:&quot;classic&quot;}\">\n\t\t\t\t\t\t<div class=\"elementor-container elementor-column-gap-default\">\n\t\t\t\t\t<div class=\"elementor-column elementor-col-100 elementor-top-column elementor-element elementor-element-5c7a83a\" data-id=\"5c7a83a\" data-element_type=\"column\">\n\t\t\t<div class=\"elementor-widget-wrap elementor-element-populated\">\n\t\t\t\t\t\t<div class=\"elementor-element elementor-element-1484410 elementor-widget elementor-widget-heading\" data-id=\"1484410\" data-element_type=\"widget\" data-widget_type=\"heading.default\">\n\t\t\t\t<div class=\"elementor-widget-container\">\n\t\t\t<style>\/*! elementor - v3.23.0 - 15-07-2024 *\/\n.elementor-heading-title{padding:0;margin:0;line-height:1}.elementor-widget-heading .elementor-heading-title[class*=elementor-size-]>a{color:inherit;font-size:inherit;line-height:inherit}.elementor-widget-heading .elementor-heading-title.elementor-size-small{font-size:15px}.elementor-widget-heading .elementor-heading-title.elementor-size-medium{font-size:19px}.elementor-widget-heading .elementor-heading-title.elementor-size-large{font-size:29px}.elementor-widget-heading .elementor-heading-title.elementor-size-xl{font-size:39px}.elementor-widget-heading .elementor-heading-title.elementor-size-xxl{font-size:59px}<\/style><h2 class=\"elementor-heading-title elementor-size-default\">PROGRAMUL CONFERIN\u021aEI<\/h2>\t\t<\/div>\n\t\t\t\t<\/div>\n\t\t\t\t<div class=\"elementor-element elementor-element-0cb2538 elementor-widget elementor-widget-text-editor\" data-id=\"0cb2538\" data-element_type=\"widget\" data-widget_type=\"text-editor.default\">\n\t\t\t\t<div class=\"elementor-widget-container\">\n\t\t\t<style>\/*! elementor - v3.23.0 - 15-07-2024 *\/\n.elementor-widget-text-editor.elementor-drop-cap-view-stacked .elementor-drop-cap{background-color:#69727d;color:#fff}.elementor-widget-text-editor.elementor-drop-cap-view-framed .elementor-drop-cap{color:#69727d;border:3px solid;background-color:transparent}.elementor-widget-text-editor:not(.elementor-drop-cap-view-default) .elementor-drop-cap{margin-top:8px}.elementor-widget-text-editor:not(.elementor-drop-cap-view-default) .elementor-drop-cap-letter{width:1em;height:1em}.elementor-widget-text-editor .elementor-drop-cap{float:left;text-align:center;line-height:1;font-size:50px}.elementor-widget-text-editor .elementor-drop-cap-letter{display:inline-block}<\/style>\t\t\t\t<p>Conferin\u021ba Na\u021bional\u0103 &#8222;REALIT\u0102\u021aI ALE SPITALELOR DIN ROM\u00c2NIA \u00ceN ANUL 2026&#8221;, a II-a edi\u021bie\u00a0<\/p>\t\t\t\t\t\t<\/div>\n\t\t\t\t<\/div>\n\t\t\t\t\t<\/div>\n\t\t<\/div>\n\t\t\t\t\t<\/div>\n\t\t<\/section>\n\t\t\t\t<section class=\"elementor-section elementor-top-section elementor-element elementor-element-3fba138 elementor-section-boxed elementor-section-height-default elementor-section-height-default\" data-id=\"3fba138\" data-element_type=\"section\">\n\t\t\t\t\t\t<div class=\"elementor-container elementor-column-gap-default\">\n\t\t\t\t\t<div class=\"elementor-column elementor-col-100 elementor-top-column elementor-element elementor-element-f37248f\" data-id=\"f37248f\" data-element_type=\"column\">\n\t\t\t<div class=\"elementor-widget-wrap elementor-element-populated\">\n\t\t\t\t\t\t<div class=\"elementor-element elementor-element-0e66a27 elementor-widget elementor-widget-image\" data-id=\"0e66a27\" data-element_type=\"widget\" data-widget_type=\"image.default\">\n\t\t\t\t<div class=\"elementor-widget-container\">\n\t\t\t<style>\/*! elementor - v3.23.0 - 15-07-2024 *\/\n.elementor-widget-image{text-align:center}.elementor-widget-image a{display:inline-block}.elementor-widget-image a img[src$=\".svg\"]{width:48px}.elementor-widget-image img{vertical-align:middle;display:inline-block}<\/style>\t\t\t\t\t\t\t\t\t\t<img fetchpriority=\"high\" decoding=\"async\" width=\"724\" height=\"1024\" src=\"https:\/\/www.webmedical.ro\/realitatialespitalelor\/wp-content\/uploads\/2026\/01\/Program-724x1024.jpeg\" class=\"attachment-large size-large wp-image-20069\" alt=\"\" srcset=\"https:\/\/www.webmedical.ro\/realitatialespitalelor\/wp-content\/uploads\/2026\/01\/Program-724x1024.jpeg 724w, https:\/\/www.webmedical.ro\/realitatialespitalelor\/wp-content\/uploads\/2026\/01\/Program-212x300.jpeg 212w, https:\/\/www.webmedical.ro\/realitatialespitalelor\/wp-content\/uploads\/2026\/01\/Program-768x1086.jpeg 768w, https:\/\/www.webmedical.ro\/realitatialespitalelor\/wp-content\/uploads\/2026\/01\/Program-1086x1536.jpeg 1086w, https:\/\/www.webmedical.ro\/realitatialespitalelor\/wp-content\/uploads\/2026\/01\/Program.jpeg 1131w\" sizes=\"(max-width: 724px) 100vw, 724px\" \/>\t\t\t\t\t\t\t\t\t\t\t\t\t<\/div>\n\t\t\t\t<\/div>\n\t\t\t\t\t<\/div>\n\t\t<\/div>\n\t\t\t\t\t<\/div>\n\t\t<\/section>\n\t\t\t\t<section class=\"elementor-section elementor-top-section elementor-element elementor-element-1d75156 elementor-section-boxed elementor-section-height-default elementor-section-height-default\" data-id=\"1d75156\" data-element_type=\"section\">\n\t\t\t\t\t\t<div class=\"elementor-container elementor-column-gap-default\">\n\t\t\t\t\t<div class=\"elementor-column elementor-col-100 elementor-top-column elementor-element elementor-element-fda98dd\" data-id=\"fda98dd\" data-element_type=\"column\">\n\t\t\t<div class=\"elementor-widget-wrap elementor-element-populated\">\n\t\t\t\t\t\t<section class=\"elementor-section elementor-inner-section elementor-element elementor-element-1d8262c elementor-section-full_width ova-section-primary-background elementor-section-height-default elementor-section-height-default\" data-id=\"1d8262c\" data-element_type=\"section\" data-settings=\"{&quot;background_background&quot;:&quot;classic&quot;}\">\n\t\t\t\t\t\t\t<div class=\"elementor-background-overlay\"><\/div>\n\t\t\t\t\t\t\t<div class=\"elementor-container elementor-column-gap-default\">\n\t\t\t\t\t<div class=\"elementor-column elementor-col-33 elementor-inner-column elementor-element elementor-element-c0f1abe\" data-id=\"c0f1abe\" data-element_type=\"column\">\n\t\t\t<div class=\"elementor-widget-wrap elementor-element-populated\">\n\t\t\t\t\t\t<div class=\"elementor-element elementor-element-95d6589 elementor-view-stacked elementor-position-left elementor-vertical-align-middle elementor-shape-circle elementor-mobile-position-top elementor-widget elementor-widget-icon-box\" data-id=\"95d6589\" data-element_type=\"widget\" data-widget_type=\"icon-box.default\">\n\t\t\t\t<div class=\"elementor-widget-container\">\n\t\t\t<link rel=\"stylesheet\" href=\"https:\/\/www.webmedical.ro\/realitatialespitalelor\/wp-content\/plugins\/elementor\/assets\/css\/widget-icon-box.min.css\">\t\t<div class=\"elementor-icon-box-wrapper\">\n\n\t\t\t\t\t\t<div class=\"elementor-icon-box-icon\">\n\t\t\t\t<span  class=\"elementor-icon elementor-animation-\">\n\t\t\t\t<i aria-hidden=\"true\" class=\"ovaicon ovaicon-email\"><\/i>\t\t\t\t<\/span>\n\t\t\t<\/div>\n\t\t\t\n\t\t\t\t\t\t<div class=\"elementor-icon-box-content\">\n\n\t\t\t\t\t\t\t\t\t<h3 class=\"elementor-icon-box-title\">\n\t\t\t\t\t\t<span  >\n\t\t\t\t\t\t\tSolicit\u0103 asisten\u021b\u0103\t\t\t\t\t\t<\/span>\n\t\t\t\t\t<\/h3>\n\t\t\t\t\n\t\t\t\t\t\t\t\t\t<p class=\"elementor-icon-box-description\">\n\t\t\t\t\t\tSCRIE-NE PE <strong>OFFICE@HIGHLIFE-EVENTS.RO<\/strong>\t\t\t\t\t<\/p>\n\t\t\t\t\n\t\t\t<\/div>\n\t\t\t\n\t\t<\/div>\n\t\t\t\t<\/div>\n\t\t\t\t<\/div>\n\t\t\t\t\t<\/div>\n\t\t<\/div>\n\t\t\t\t<div class=\"elementor-column elementor-col-33 elementor-inner-column elementor-element elementor-element-7554544\" data-id=\"7554544\" data-element_type=\"column\">\n\t\t\t<div class=\"elementor-widget-wrap elementor-element-populated\">\n\t\t\t\t\t\t<div class=\"elementor-element elementor-element-0349e7c elementor-mobile-align-center elementor-align-center elementor-widget elementor-widget-button\" data-id=\"0349e7c\" data-element_type=\"widget\" data-widget_type=\"button.default\">\n\t\t\t\t<div class=\"elementor-widget-container\">\n\t\t\t\t\t<div class=\"elementor-button-wrapper\">\n\t\t\t<a class=\"elementor-button elementor-button-link elementor-size-lg\" href=\"https:\/\/www.webmedical.ro\/realitatialespitalelor\/taxe\/\">\n\t\t\t\t\t\t<span class=\"elementor-button-content-wrapper\">\n\t\t\t\t\t\t\t\t\t<span class=\"elementor-button-text\">TAXE DE PARTICIPARE<\/span>\n\t\t\t\t\t<\/span>\n\t\t\t\t\t<\/a>\n\t\t<\/div>\n\t\t\t\t<\/div>\n\t\t\t\t<\/div>\n\t\t\t\t\t<\/div>\n\t\t<\/div>\n\t\t\t\t<div class=\"elementor-column elementor-col-33 elementor-inner-column elementor-element elementor-element-01c3c0e\" data-id=\"01c3c0e\" data-element_type=\"column\">\n\t\t\t<div class=\"elementor-widget-wrap elementor-element-populated\">\n\t\t\t\t\t\t<div class=\"elementor-element elementor-element-059cd60 elementor-mobile-align-center elementor-align-center elementor-widget elementor-widget-button\" data-id=\"059cd60\" data-element_type=\"widget\" data-widget_type=\"button.default\">\n\t\t\t\t<div class=\"elementor-widget-container\">\n\t\t\t\t\t<div class=\"elementor-button-wrapper\">\n\t\t\t<a class=\"elementor-button elementor-button-link elementor-size-lg\" href=\"https:\/\/www.webmedical.ro\/realitatialespitalelor\/program\/\">\n\t\t\t\t\t\t<span class=\"elementor-button-content-wrapper\">\n\t\t\t\t\t\t\t\t\t<span class=\"elementor-button-text\">PROGRAM CONFERIN\u021a\u0102<\/span>\n\t\t\t\t\t<\/span>\n\t\t\t\t\t<\/a>\n\t\t<\/div>\n\t\t\t\t<\/div>\n\t\t\t\t<\/div>\n\t\t\t\t\t<\/div>\n\t\t<\/div>\n\t\t\t\t\t<\/div>\n\t\t<\/section>\n\t\t\t\t\t<\/div>\n\t\t<\/div>\n\t\t\t\t\t<\/div>\n\t\t<\/section>\n\t\t<div class=\"elementor-element elementor-element-b8253ee e-flex e-con-boxed e-con e-parent\" data-id=\"b8253ee\" data-element_type=\"container\" data-settings=\"{&quot;background_background&quot;:&quot;classic&quot;}\">\n\t\t\t\t\t<div class=\"e-con-inner\">\n\t\t\t\t<div class=\"elementor-element elementor-element-126803b elementor-widget elementor-widget-heading\" data-id=\"126803b\" data-element_type=\"widget\" data-widget_type=\"heading.default\">\n\t\t\t\t<div class=\"elementor-widget-container\">\n\t\t\t<h2 class=\"elementor-heading-title elementor-size-default\">TIMP R\u0102MAS P\u00c2N\u0102 LA EVENIMENT<\/h2>\t\t<\/div>\n\t\t\t\t<\/div>\n\t\t\t\t<div class=\"elementor-element elementor-element-d27e86b elementor-widget elementor-widget-gimont_elementor_countdown\" data-id=\"d27e86b\" data-element_type=\"widget\" data-widget_type=\"gimont_elementor_countdown.default\">\n\t\t\t\t<div class=\"elementor-widget-container\">\n\t\t\t\t\t<div class=\"ova-countdown\" data-date=\"{&quot;year&quot;:&quot;2026&quot;,&quot;month&quot;:&quot;5&quot;,&quot;day&quot;:&quot;6&quot;,&quot;hours&quot;:&quot;20&quot;,&quot;minutes&quot;:0,&quot;timezone&quot;:&quot;0&quot;,&quot;langUrl&quot;:&quot;https:\\\/\\\/www.webmedical.ro\\\/realitatialespitalelor\\\/wp-content\\\/themes\\\/gimont\\\/assets\\\/libs\\\/countdown\\\/jquery.countdown&quot;,&quot;lang&quot;:&quot;ro&quot;,&quot;format&quot;:&quot;DHMS&quot;}\"><\/div>\n\t\t\t\t<\/div>\n\t\t\t\t<\/div>\n\t\t\t\t\t<\/div>\n\t\t\t\t<\/div>\n\t\t\t\t<\/div>\n\t\t","protected":false},"excerpt":{"rendered":"<p>PROGRAMUL CONFERIN\u021aEI Conferin\u021ba Na\u021bional\u0103 &#8222;REALIT\u0102\u021aI ALE SPITALELOR DIN ROM\u00c2NIA \u00ceN ANUL 2026&#8221;, a II-a edi\u021bie\u00a0 Solicit\u0103 asisten\u021b\u0103 SCRIE-NE PE OFFICE@HIGHLIFE-EVENTS.RO TAXE DE PARTICIPARE PROGRAM CONFERIN\u021a\u0102 TIMP R\u0102MAS P\u00c2N\u0102 LA EVENIMENT<\/p>\n","protected":false},"author":1,"featured_media":0,"parent":0,"menu_order":0,"comment_status":"closed","ping_status":"closed","template":"elementor_header_footer","meta":{"footnotes":""},"class_list":["post-5391","page","type-page","status-publish","hentry"],"_links":{"self":[{"href":"https:\/\/www.webmedical.ro\/realitatialespitalelor\/wp-json\/wp\/v2\/pages\/5391","targetHints":{"allow":["GET"]}}],"collection":[{"href":"https:\/\/www.webmedical.ro\/realitatialespitalelor\/wp-json\/wp\/v2\/pages"}],"about":[{"href":"https:\/\/www.webmedical.ro\/realitatialespitalelor\/wp-json\/wp\/v2\/types\/page"}],"author":[{"embeddable":true,"href":"https:\/\/www.webmedical.ro\/realitatialespitalelor\/wp-json\/wp\/v2\/users\/1"}],"replies":[{"embeddable":true,"href":"https:\/\/www.webmedical.ro\/realitatialespitalelor\/wp-json\/wp\/v2\/comments?post=5391"}],"version-history":[{"count":53,"href":"https:\/\/www.webmedical.ro\/realitatialespitalelor\/wp-json\/wp\/v2\/pages\/5391\/revisions"}],"predecessor-version":[{"id":20072,"href":"https:\/\/www.webmedical.ro\/realitatialespitalelor\/wp-json\/wp\/v2\/pages\/5391\/revisions\/20072"}],"wp:attachment":[{"href":"https:\/\/www.webmedical.ro\/realitatialespitalelor\/wp-json\/wp\/v2\/media?parent=5391"}],"curies":[{"name":"wp","href":"https:\/\/api.w.org\/{rel}","templated":true}]}}